{"id":884,"date":"2024-11-14T21:47:55","date_gmt":"2024-11-14T21:47:55","guid":{"rendered":"https:\/\/rs-erkrath.de\/?page_id=884"},"modified":"2024-11-14T21:47:55","modified_gmt":"2024-11-14T21:47:55","slug":"schulabschluesse","status":"publish","type":"page","link":"https:\/\/rs-erkrath.de\/index.php\/schulabschluesse\/","title":{"rendered":"Schulabschl\u00fcsse"},"content":{"rendered":"\n<div style=\"height:50px\" aria-hidden=\"true\" class=\"wp-block-spacer\"><\/div>\n\n\n\n<h2 class=\"wp-block-heading has-text-align-center\">Schulabschl\u00fcsse<\/h2>\n\n\n\n<div style=\"height:20px\" aria-hidden=\"true\" class=\"wp-block-spacer\"><\/div>\n\n\n\n<div class=\"wp-block-group is-vertical is-content-justification-center is-layout-flex wp-container-core-group-is-layout-52b864f0 wp-block-group-is-layout-flex\">\n<p class=\"has-text-align-center\">An unserer Realschule k\u00f6nnen folgende Abschl\u00fcsse der Sekundarstufe I erworben werden:<\/p>\n<\/div>\n\n\n\n<div class=\"wp-block-group has-global-padding is-layout-constrained wp-container-core-group-is-layout-b13d32f8 wp-block-group-is-layout-constrained\" style=\"padding-right:var(--wp--preset--spacing--10);padding-left:var(--wp--preset--spacing--10)\">\n<div style=\"margin-top:0;margin-bottom:0;height:var(--wp--preset--spacing--40)\" aria-hidden=\"true\" class=\"wp-block-spacer\"><\/div>\n\n\n\n<h2 class=\"wp-block-heading has-large-font-size\"><strong>Erster Schulabschluss (ESA)<\/strong><\/h2>\n\n\n\n<p class=\"has-text-align-left\">Diesen Schulabschluss erwerben unsere Sch\u00fcler*innen mit der Versetzung in Klasse 10 (vgl. \u00a726 APO-S I). Mit ihm k\u00f6nnen sie entweder auf einem Berufskolleg den n\u00e4chsth\u00f6heren Schulabschluss (EESA) erwerben oder eine Ausbildung beginnen.<\/p>\n\n\n\n<div style=\"height:9px\" aria-hidden=\"true\" class=\"wp-block-spacer\"><\/div>\n\n\n\n<p>Dieser Schulabschluss hie\u00df bisher Hauptschulabschluss nach Klasse 9.<\/p>\n\n\n\n<div style=\"height:70px\" aria-hidden=\"true\" class=\"wp-block-spacer\"><\/div>\n\n\n\n<h2 class=\"wp-block-heading has-large-font-size\"><strong>Erster erweiterter Schulabschluss (EESA)<\/strong><\/h2>\n\n\n\n<p class=\"has-text-align-left\">Diesen Schulabschluss erwerben unserer Sch\u00fcler*innen, wenn sie die Versetzungsanforderungen f\u00fcr die Hauptschule erf\u00fcllen (gem\u00e4\u00df \u00a725 Abs. 1 &amp; 2 APO-S I). Hierbei z\u00e4hlt Englisch als Nebenfach und es werden Bereichsnoten f\u00fcr Gesellschaftslehre und Naturwissenschaften gebildet. Mit diesem Schulabschluss k\u00f6nnen sie entweder auf einem Berufskolleg den n\u00e4chsth\u00f6heren Schulabschluss (MSA) erwerben oder eine Ausbildung beginnen. <\/p>\n\n\n\n<div style=\"height:8px\" aria-hidden=\"true\" class=\"wp-block-spacer\"><\/div>\n\n\n\n<p class=\"has-text-align-left\">Dieser Schulabschluss hie\u00df bisher Hauptschulabschluss nach Klasse 10.<\/p>\n\n\n\n<div style=\"height:70px\" aria-hidden=\"true\" class=\"wp-block-spacer\"><\/div>\n\n\n\n<h2 class=\"wp-block-heading has-large-font-size\"><strong>Mittlerer Schulabschluss (MSA)<\/strong><\/h2>\n\n\n\n<p class=\"has-text-align-left\">Diesen Schulabschluss erwerben unserer Sch\u00fcler*innen, wenn sie die Versetzungsanforderungen f\u00fcr die Realschule erf\u00fcllen (gem\u00e4\u00df \u00a726 APO-S I). Mit diesem Schulabschluss k\u00f6nnen sie entweder auf einem Berufskolleg den n\u00e4chsth\u00f6heren Schulabschluss (FHR) erwerben oder eine Ausbildung beginnen. <\/p>\n\n\n\n<div style=\"height:9px\" aria-hidden=\"true\" class=\"wp-block-spacer\"><\/div>\n\n\n\n<p class=\"has-text-align-left\">Dieser Schulabschluss hie\u00df bisher Fachoberschulreife (FOR).<\/p>\n\n\n\n<div style=\"height:70px\" aria-hidden=\"true\" class=\"wp-block-spacer\"><\/div>\n\n\n\n<h2 class=\"wp-block-heading has-large-font-size\"><strong>Mittlerer Schulabschluss mit Qualifikationsvermerk (MSA + QV)<\/strong><\/h2>\n\n\n\n<p class=\"has-text-align-left\">Diesen Schulabschluss erwerben unsere Sch\u00fcler*innen, indem sie in allen F\u00e4chern mindestens eine befriedigende Leistung erzielen. Eine ausreichende Leistung muss in der gleichen F\u00e4chergruppe mit einer mindestens guten Leistung ausgeglichen werden, wobei in F\u00e4chergruppe 2 h\u00f6chstens drei ausreichende Leistungen erbringen d\u00fcrfen (das Wahlpflichtfach z\u00e4hlt zur F\u00e4chergruppe 2). Mit diesem Schulabschluss erhalten sie die Berechtigung zum Besuch der gymnasialen Oberstufe oder k\u00f6nnen eine Ausbildung beginnen.<\/p>\n\n\n\n<div style=\"height:93px\" aria-hidden=\"true\" class=\"wp-block-spacer\"><\/div>\n<\/div>\n","protected":false},"excerpt":{"rendered":"<p>Schulabschl\u00fcsse An unserer Realschule k\u00f6nnen folgende Abschl\u00fcsse der Sekundarstufe I erworben werden: Erster Schulabschluss (ESA) Diesen Schulabschluss erwerben unsere Sch\u00fcler*innen mit der Versetzung in Klasse 10 (vgl. \u00a726 APO-S I). [&hellip;]<\/p>\n","protected":false},"author":2,"featured_media":0,"parent":0,"menu_order":0,"comment_status":"closed","ping_status":"closed","template":"","meta":{"_price":"","_stock":"","_tribe_ticket_header":"","_tribe_default_ticket_provider":"","_tribe_ticket_capacity":"0","_ticket_start_date":"","_ticket_end_date":"","_tribe_ticket_show_description":"","_tribe_ticket_show_not_going":false,"_tribe_ticket_use_global_stock":"","_tribe_ticket_global_stock_level":"","_global_stock_mode":"","_global_stock_cap":"","_tribe_rsvp_for_event":"","_tribe_ticket_going_count":"","_tribe_ticket_not_going_count":"","_tribe_tickets_list":"[]","_tribe_ticket_has_attendee_info_fields":false,"_EventAllDay":false,"_EventTimezone":"","_EventStartDate":"","_EventEndDate":"","_EventStartDateUTC":"","_EventEndDateUTC":"","_EventShowMap":false,"_EventShowMapLink":false,"_EventURL":"","_EventCost":"","_EventCostDescription":"","_EventCurrencySymbol":"","_EventCurrencyCode":"","_EventCurrencyPosition":"","_EventDateTimeSeparator":"","_EventTimeRangeSeparator":"","_EventOrganizerID":[],"_EventVenueID":[],"_OrganizerEmail":"","_OrganizerPhone":"","_OrganizerWebsite":"","_VenueAddress":"","_VenueCity":"","_VenueCountry":"","_VenueProvince":"","_VenueState":"","_VenueZip":"","_VenuePhone":"","_VenueURL":"","_VenueStateProvince":"","_VenueLat":"","_VenueLng":"","_VenueShowMap":false,"_VenueShowMapLink":false,"_mc_calendar":[],"footnotes":"","_tec_slr_enabled":"","_tec_slr_layout":""},"class_list":["post-884","page","type-page","status-publish","hentry"],"ticketed":false,"_links":{"self":[{"href":"https:\/\/rs-erkrath.de\/index.php\/wp-json\/wp\/v2\/pages\/884","targetHints":{"allow":["GET"]}}],"collection":[{"href":"https:\/\/rs-erkrath.de\/index.php\/wp-json\/wp\/v2\/pages"}],"about":[{"href":"https:\/\/rs-erkrath.de\/index.php\/wp-json\/wp\/v2\/types\/page"}],"author":[{"embeddable":true,"href":"https:\/\/rs-erkrath.de\/index.php\/wp-json\/wp\/v2\/users\/2"}],"replies":[{"embeddable":true,"href":"https:\/\/rs-erkrath.de\/index.php\/wp-json\/wp\/v2\/comments?post=884"}],"version-history":[{"count":23,"href":"https:\/\/rs-erkrath.de\/index.php\/wp-json\/wp\/v2\/pages\/884\/revisions"}],"predecessor-version":[{"id":1098,"href":"https:\/\/rs-erkrath.de\/index.php\/wp-json\/wp\/v2\/pages\/884\/revisions\/1098"}],"wp:attachment":[{"href":"https:\/\/rs-erkrath.de\/index.php\/wp-json\/wp\/v2\/media?parent=884"}],"curies":[{"name":"wp","href":"https:\/\/api.w.org\/{rel}","templated":true}]}}