{"id":879,"date":"2024-11-14T21:47:31","date_gmt":"2024-11-14T21:47:31","guid":{"rendered":"https:\/\/rs-erkrath.de\/?page_id=879"},"modified":"2024-11-26T15:39:06","modified_gmt":"2024-11-26T14:39:06","slug":"methodentraining-2","status":"publish","type":"page","link":"https:\/\/rs-erkrath.de\/index.php\/methodentraining-2\/","title":{"rendered":"Methodentraining"},"content":{"rendered":"\n<div style=\"height:25px\" aria-hidden=\"true\" class=\"wp-block-spacer\"><\/div>\n\n\n\n<h2 class=\"wp-block-heading has-text-align-center\">Methodentraining<\/h2>\n\n\n\n<div style=\"height:35px\" aria-hidden=\"true\" class=\"wp-block-spacer\"><\/div>\n\n\n\n<div class=\"wp-block-group alignfull has-background has-global-padding is-layout-constrained wp-container-core-group-is-layout-f527f5df wp-block-group-is-layout-constrained\" style=\"background-color:#0b6fb380;padding-top:var(--wp--preset--spacing--40);padding-right:var(--wp--preset--spacing--30);padding-bottom:var(--wp--preset--spacing--40);padding-left:var(--wp--preset--spacing--30)\">\n<p class=\"has-text-align-center has-base-2-color has-text-color has-link-color wp-elements-d02dcc65cd0018248e592eaa96b3d476\">Die Funktion der Schule besteht heute mehr denn je darin, durch systematische Bildungs- und Erziehungsarbeit zu lehren, wie man lernt.<\/p>\n\n\n\n<p class=\"has-text-align-center has-base-2-color has-text-color has-link-color wp-elements-b47816b1d6346a395d3171dad7340886\">Die F\u00e4higkeit des lebenslangen selbstverantwortlichen Lernens setzt voraus, dass \u00fcber Methoden des selbst gesteuerten Lernens verf\u00fcgt wird.<\/p>\n\n\n\n<p class=\"has-text-align-center has-base-2-color has-text-color has-link-color wp-elements-4be07b38a3f0a2cceac1f0b5dd404c17\">Die Aneignung methodischer Kompetenz ist sowohl Bestandteil jeden Fachunterrichts als auch als f\u00e4cher\u00fcbergreifend zu verstehen und wird deshalb an unserer Schule gef\u00f6rdert.<\/p>\n<\/div>\n\n\n\n<div class=\"wp-block-group alignwide has-global-padding is-layout-constrained wp-container-core-group-is-layout-ff778368 wp-block-group-is-layout-constrained\" style=\"padding-right:var(--wp--preset--spacing--30);padding-left:var(--wp--preset--spacing--30)\">\n<div style=\"margin-top:0;margin-bottom:0;height:44px\" aria-hidden=\"true\" class=\"wp-block-spacer\"><\/div>\n\n\n\n<div class=\"wp-block-columns alignwide is-layout-flex wp-container-core-columns-is-layout-d0bbbce0 wp-block-columns-is-layout-flex\">\n<div class=\"wp-block-column is-layout-flow wp-container-core-column-is-layout-4d123836 wp-block-column-is-layout-flow\" style=\"padding-right:var(--wp--preset--spacing--20);padding-left:var(--wp--preset--spacing--20)\">\n<h3 class=\"wp-block-heading has-text-align-left is-style-default has-body-font-family has-medium-font-size\" style=\"font-style:normal;font-weight:600\">Klasse 5<\/h3>\n\n\n\n<ul class=\"wp-block-list\">\n<li>Lernorganisation, Lerntechniken&nbsp;<\/li>\n\n\n\n<li>Selbstorganisation &amp; Vermittlung von Strukturen&nbsp;<\/li>\n\n\n\n<li>Kompetenzerwerb in der Mappen &amp; Heftf\u00fchrung&nbsp;<\/li>\n\n\n\n<li>Medienkompetenz&nbsp;<\/li>\n\n\n\n<li>Teamgeist durch Kooperationsspiele f\u00f6rdern&nbsp;<\/li>\n<\/ul>\n<\/div>\n\n\n\n<div class=\"wp-block-column is-layout-flow wp-container-core-column-is-layout-4d123836 wp-block-column-is-layout-flow\" style=\"padding-right:var(--wp--preset--spacing--20);padding-left:var(--wp--preset--spacing--20)\">\n<h3 class=\"wp-block-heading has-text-align-left is-style-default has-body-font-family has-medium-font-size\" style=\"font-style:normal;font-weight:600\">Klasse 6<\/h3>\n\n\n\n<ul class=\"wp-block-list\">\n<li>Konzentrations- und Aufmerksamkeitstraining&nbsp;<\/li>\n\n\n\n<li>Auseinandersetzung mit Texten&nbsp;<\/li>\n\n\n\n<li>Markieren und Strukturierung von Texten&nbsp;<\/li>\n<\/ul>\n<\/div>\n\n\n\n<div class=\"wp-block-column is-layout-flow wp-container-core-column-is-layout-4d123836 wp-block-column-is-layout-flow\" style=\"padding-right:var(--wp--preset--spacing--20);padding-left:var(--wp--preset--spacing--20)\">\n<h3 class=\"wp-block-heading has-text-align-left is-style-default has-body-font-family has-medium-font-size\" style=\"font-style:normal;font-weight:600\">Klasse 7<\/h3>\n\n\n\n<ul class=\"wp-block-list\">\n<li>Training von Sozialformen&nbsp;<\/li>\n\n\n\n<li>Medienkompetenz&nbsp;<\/li>\n\n\n\n<li>Textverarbeitung&nbsp;<\/li>\n\n\n\n<li>Visualisierungsm\u00f6glichkeiten&nbsp;<\/li>\n<\/ul>\n<\/div>\n<\/div>\n\n\n\n<div style=\"height:14px\" aria-hidden=\"true\" class=\"wp-block-spacer\"><\/div>\n\n\n\n<div class=\"wp-block-columns alignwide is-layout-flex wp-container-core-columns-is-layout-d0bbbce0 wp-block-columns-is-layout-flex\">\n<div class=\"wp-block-column is-layout-flow wp-container-core-column-is-layout-4d123836 wp-block-column-is-layout-flow\" style=\"padding-right:var(--wp--preset--spacing--20);padding-left:var(--wp--preset--spacing--20)\">\n<h3 class=\"wp-block-heading has-text-align-left is-style-default has-body-font-family has-medium-font-size\" style=\"font-style:normal;font-weight:600\">Klasse 8<\/h3>\n\n\n\n<ul class=\"wp-block-list\">\n<li>Informationsbeschaffung&nbsp;&nbsp;<\/li>\n\n\n\n<li>Handwerkerkreis&nbsp;<\/li>\n\n\n\n<li>Suche von Pl\u00e4tzen zur Berufsfelderkundung\u00a0<\/li>\n\n\n\n<li>Evaluation&nbsp;<\/li>\n<\/ul>\n<\/div>\n\n\n\n<div class=\"wp-block-column is-layout-flow wp-container-core-column-is-layout-4d123836 wp-block-column-is-layout-flow\" style=\"padding-right:var(--wp--preset--spacing--20);padding-left:var(--wp--preset--spacing--20)\">\n<h3 class=\"wp-block-heading has-text-align-left is-style-default has-body-font-family has-medium-font-size\" style=\"font-style:normal;font-weight:600\">Klasse 9<\/h3>\n\n\n\n<ul class=\"wp-block-list\">\n<li>Kommunikationstechniken&nbsp;<\/li>\n\n\n\n<li>Praktikumsvorbereitung<\/li>\n\n\n\n<li>Einordnung d. Praktikumsplatzes in Berufsfeld&nbsp;<\/li>\n\n\n\n<li>Erwartungen an das Praktikum&nbsp;<\/li>\n\n\n\n<li>T\u00e4tigkeiten\/ F\u00e4higkeiten (Verhalten: Regeln f\u00fcr das Praktikum)&nbsp;<\/li>\n<\/ul>\n<\/div>\n\n\n\n<div class=\"wp-block-column is-layout-flow wp-container-core-column-is-layout-4d123836 wp-block-column-is-layout-flow\" style=\"padding-right:var(--wp--preset--spacing--20);padding-left:var(--wp--preset--spacing--20)\">\n<h3 class=\"wp-block-heading has-text-align-left is-style-default has-body-font-family has-medium-font-size\" style=\"font-style:normal;font-weight:600\">Klasse 10<\/h3>\n\n\n\n<ul class=\"wp-block-list\">\n<li>Pr\u00fcfungsvorbereitung&nbsp;<\/li>\n\n\n\n<li>Planung und Vorbereitung der Anmeldung am Berufskolleg<\/li>\n\n\n\n<li>Vorstellungs- und Einstellungsgespr\u00e4ch &amp;-Gespr\u00e4chstechniken)&nbsp;<\/li>\n<\/ul>\n<\/div>\n<\/div>\n\n\n\n<div style=\"height:131px\" aria-hidden=\"true\" class=\"wp-block-spacer\"><\/div>\n<\/div>\n","protected":false},"excerpt":{"rendered":"<p>Methodentraining Die Funktion der Schule besteht heute mehr denn je darin, durch systematische Bildungs- und Erziehungsarbeit zu lehren, wie man lernt. Die F\u00e4higkeit des lebenslangen selbstverantwortlichen Lernens setzt voraus, dass [&hellip;]<\/p>\n","protected":false},"author":2,"featured_media":0,"parent":0,"menu_order":0,"comment_status":"closed","ping_status":"closed","template":"","meta":{"_price":"","_stock":"","_tribe_ticket_header":"","_tribe_default_ticket_provider":"","_tribe_ticket_capacity":"0","_ticket_start_date":"","_ticket_end_date":"","_tribe_ticket_show_description":"","_tribe_ticket_show_not_going":false,"_tribe_ticket_use_global_stock":"","_tribe_ticket_global_stock_level":"","_global_stock_mode":"","_global_stock_cap":"","_tribe_rsvp_for_event":"","_tribe_ticket_going_count":"","_tribe_ticket_not_going_count":"","_tribe_tickets_list":"[]","_tribe_ticket_has_attendee_info_fields":false,"_EventAllDay":false,"_EventTimezone":"","_EventStartDate":"","_EventEndDate":"","_EventStartDateUTC":"","_EventEndDateUTC":"","_EventShowMap":false,"_EventShowMapLink":false,"_EventURL":"","_EventCost":"","_EventCostDescription":"","_EventCurrencySymbol":"","_EventCurrencyCode":"","_EventCurrencyPosition":"","_EventDateTimeSeparator":"","_EventTimeRangeSeparator":"","_EventOrganizerID":[],"_EventVenueID":[],"_OrganizerEmail":"","_OrganizerPhone":"","_OrganizerWebsite":"","_VenueAddress":"","_VenueCity":"","_VenueCountry":"","_VenueProvince":"","_VenueState":"","_VenueZip":"","_VenuePhone":"","_VenueURL":"","_VenueStateProvince":"","_VenueLat":"","_VenueLng":"","_VenueShowMap":false,"_VenueShowMapLink":false,"_mc_calendar":[],"footnotes":"","_tec_slr_enabled":"","_tec_slr_layout":""},"class_list":["post-879","page","type-page","status-publish","hentry"],"ticketed":false,"_links":{"self":[{"href":"https:\/\/rs-erkrath.de\/index.php\/wp-json\/wp\/v2\/pages\/879","targetHints":{"allow":["GET"]}}],"collection":[{"href":"https:\/\/rs-erkrath.de\/index.php\/wp-json\/wp\/v2\/pages"}],"about":[{"href":"https:\/\/rs-erkrath.de\/index.php\/wp-json\/wp\/v2\/types\/page"}],"author":[{"embeddable":true,"href":"https:\/\/rs-erkrath.de\/index.php\/wp-json\/wp\/v2\/users\/2"}],"replies":[{"embeddable":true,"href":"https:\/\/rs-erkrath.de\/index.php\/wp-json\/wp\/v2\/comments?post=879"}],"version-history":[{"count":23,"href":"https:\/\/rs-erkrath.de\/index.php\/wp-json\/wp\/v2\/pages\/879\/revisions"}],"predecessor-version":[{"id":1871,"href":"https:\/\/rs-erkrath.de\/index.php\/wp-json\/wp\/v2\/pages\/879\/revisions\/1871"}],"wp:attachment":[{"href":"https:\/\/rs-erkrath.de\/index.php\/wp-json\/wp\/v2\/media?parent=879"}],"curies":[{"name":"wp","href":"https:\/\/api.w.org\/{rel}","templated":true}]}}