{"id":185,"date":"2024-11-14T21:48:03","date_gmt":"2024-11-14T21:48:03","guid":{"rendered":"https:\/\/rs-erkrath.de\/?page_id=185"},"modified":"2025-10-02T13:16:44","modified_gmt":"2025-10-02T12:16:44","slug":"schuelerinnenvertretung","status":"publish","type":"page","link":"https:\/\/rs-erkrath.de\/index.php\/schuelerinnenvertretung\/","title":{"rendered":"Sch\u00fcler*innenvertretung"},"content":{"rendered":"\n<div style=\"height:25px\" aria-hidden=\"true\" class=\"wp-block-spacer\"><\/div>\n\n\n\n<div class=\"wp-block-group alignwide has-global-padding is-layout-constrained wp-container-core-group-is-layout-97829e9f wp-block-group-is-layout-constrained\" style=\"padding-right:var(--wp--preset--spacing--40);padding-left:var(--wp--preset--spacing--40)\">\n<h2 class=\"wp-block-heading has-text-align-center\">Sch\u00fcler*innenvertretung (SV)<\/h2>\n\n\n\n<div style=\"height:35px\" aria-hidden=\"true\" class=\"wp-block-spacer\"><\/div>\n\n\n\n<div class=\"wp-block-columns alignwide is-layout-flex wp-container-core-columns-is-layout-4e25967d wp-block-columns-is-layout-flex\" style=\"padding-right:var(--wp--preset--spacing--10);padding-left:var(--wp--preset--spacing--10)\">\n<div class=\"wp-block-column is-layout-flow wp-block-column-is-layout-flow\" style=\"flex-basis:66.66%\">\n<p class=\"has-text-align-left\">Die Sch\u00fcler*innenvertretung (SV) unserer Realschule ist die Stimme der Sch\u00fclerschaft und spielt eine zentrale Rolle im schulischen Miteinander. <\/p>\n\n\n\n<div style=\"height:10px\" aria-hidden=\"true\" class=\"wp-block-spacer\"><\/div>\n\n\n\n<p class=\"has-text-align-left\">Sie setzt sich aus engagierten Sch\u00fcler*innen aller Jahrg\u00e4nge zusammen, die gemeinsam daran arbeiten, die Interessen und Anliegen der Sch\u00fclerschaft zu vertreten und das Schulleben aktiv mitzugestalten.<\/p>\n\n\n\n<div style=\"height:10px\" aria-hidden=\"true\" class=\"wp-block-spacer\"><\/div>\n\n\n\n<p>Daf\u00fcr trifft sie sich regelm\u00e4\u00dfig zur SV-Sitzung und bespricht mit der daf\u00fcr von den Sch\u00fcler*innen gew\u00e4hlten Lehrkraft wichtige Anliegen und Pl\u00e4ne der Sch\u00fclerschaft. <\/p>\n\n\n\n<div style=\"height:10px\" aria-hidden=\"true\" class=\"wp-block-spacer\"><\/div>\n\n\n\n<p>Die SV setzt sich beispielsweise in der Organisation und Umsetzung vom\/von &#8230;<\/p>\n\n\n\n<div style=\"height:10px\" aria-hidden=\"true\" class=\"wp-block-spacer\"><\/div>\n\n\n\n<ul class=\"wp-block-list\">\n<li>Tag der offenen T\u00fcr<\/li>\n\n\n\n<li>Festivit\u00e4ten (Karneval, Weihnachtssingen, &#8230;)<\/li>\n\n\n\n<li>(Schul-)Ausfl\u00fcgen<\/li>\n\n\n\n<li>Digitalisierung der Schule<\/li>\n<\/ul>\n\n\n\n<div style=\"height:10px\" aria-hidden=\"true\" class=\"wp-block-spacer\"><\/div>\n\n\n\n<p>ein.<\/p>\n\n\n\n<div style=\"height:30px\" aria-hidden=\"true\" class=\"wp-block-spacer\"><\/div>\n<\/div>\n\n\n\n<div class=\"wp-block-column is-layout-flow wp-block-column-is-layout-flow\" style=\"flex-basis:33.33%\">\n<figure class=\"wp-block-image aligncenter size-full is-resized\"><img loading=\"lazy\" decoding=\"async\" width=\"257\" height=\"229\" src=\"https:\/\/rs-erkrath.de\/wp-content\/uploads\/2025\/10\/Unbenannt.jpg\" alt=\"\" class=\"wp-image-2225\" style=\"object-fit:cover;width:272px;height:auto\"\/><\/figure>\n\n\n\n<div style=\"height:10px\" aria-hidden=\"true\" class=\"wp-block-spacer\"><\/div>\n\n\n\n<p class=\"has-text-align-center\"><strong>SV-Lehrerin<\/strong><\/p>\n\n\n\n<div style=\"height:10px\" aria-hidden=\"true\" class=\"wp-block-spacer\"><\/div>\n\n\n\n<h2 class=\"wp-block-heading has-text-align-center has-large-font-size\">J. Weingarten<\/h2>\n\n\n\n<p class=\"has-text-align-center has-small-font-size\">Mail: j.weingarten@realschule-erkrath.de<\/p>\n<\/div>\n<\/div>\n<\/div>\n\n\n\n<div style=\"height:36px\" aria-hidden=\"true\" class=\"wp-block-spacer\"><\/div>\n\n\n\n<div class=\"wp-block-group alignfull has-background has-global-padding is-layout-constrained wp-container-core-group-is-layout-796362d6 wp-block-group-is-layout-constrained\" style=\"background-color:#30872659;margin-top:0;margin-bottom:0;padding-top:var(--wp--preset--spacing--40);padding-right:var(--wp--preset--spacing--50);padding-bottom:var(--wp--preset--spacing--40);padding-left:var(--wp--preset--spacing--50)\">\n<div class=\"wp-block-group is-vertical is-content-justification-center is-layout-flex wp-container-core-group-is-layout-ce155fab wp-block-group-is-layout-flex\">\n<div style=\"height:0px\" aria-hidden=\"true\" class=\"wp-block-spacer wp-container-content-1ac3d91d\"><\/div>\n\n\n\n<h2 class=\"wp-block-heading has-text-align-center has-large-font-size\"><strong>Sprecher*innen der Sch\u00fclerschaft<\/strong><\/h2>\n\n\n\n<p>Schuljahr 25\/26<\/p>\n<\/div>\n\n\n\n<div style=\"height:35px\" aria-hidden=\"true\" class=\"wp-block-spacer\"><\/div>\n\n\n\n<div class=\"wp-block-columns alignwide is-layout-flex wp-container-core-columns-is-layout-4935966c wp-block-columns-is-layout-flex\" style=\"padding-right:0;padding-left:0\">\n<div class=\"wp-block-column is-layout-flow wp-block-column-is-layout-flow\">\n<figure class=\"wp-block-image aligncenter size-medium is-style-default\"><img loading=\"lazy\" decoding=\"async\" width=\"300\" height=\"300\" src=\"https:\/\/rs-erkrath.de\/wp-content\/uploads\/2024\/11\/Bild-mann-edited-300x300.jpg\" alt=\"\" class=\"wp-image-1457\" style=\"aspect-ratio:1;object-fit:cover\" srcset=\"https:\/\/rs-erkrath.de\/wp-content\/uploads\/2024\/11\/Bild-mann-edited-300x300.jpg 300w, https:\/\/rs-erkrath.de\/wp-content\/uploads\/2024\/11\/Bild-mann-edited-150x150.jpg 150w, https:\/\/rs-erkrath.de\/wp-content\/uploads\/2024\/11\/Bild-mann-edited.jpg 314w\" sizes=\"auto, (max-width: 300px) 100vw, 300px\" \/><\/figure>\n\n\n\n<div class=\"wp-block-group is-vertical is-content-justification-center is-nowrap is-layout-flex wp-container-core-group-is-layout-21d4e958 wp-block-group-is-layout-flex\">\n<div style=\"height:6px\" aria-hidden=\"true\" class=\"wp-block-spacer wp-container-content-2aa4ec05\"><\/div>\n\n\n\n<div style=\"height:6px\" aria-hidden=\"true\" class=\"wp-block-spacer wp-container-content-2aa4ec05\"><\/div>\n\n\n\n<h2 class=\"wp-block-heading has-large-font-size\"><strong>Gioele<\/strong><\/h2>\n\n\n\n<p class=\"has-text-align-center has-small-font-size\">Klasse 8a<\/p>\n\n\n\n<div style=\"height:0px\" aria-hidden=\"true\" class=\"wp-block-spacer wp-container-content-16d1eb73\"><\/div>\n<\/div>\n<\/div>\n\n\n\n<div class=\"wp-block-column is-layout-flow wp-block-column-is-layout-flow\">\n<figure class=\"wp-block-image aligncenter size-medium is-style-default\"><img loading=\"lazy\" decoding=\"async\" width=\"300\" height=\"300\" src=\"https:\/\/rs-erkrath.de\/wp-content\/uploads\/2024\/11\/bild-Frau-1-edited-3-300x300.jpg\" alt=\"\" class=\"wp-image-1455\" style=\"aspect-ratio:1;object-fit:cover\" srcset=\"https:\/\/rs-erkrath.de\/wp-content\/uploads\/2024\/11\/bild-Frau-1-edited-3-300x300.jpg 300w, https:\/\/rs-erkrath.de\/wp-content\/uploads\/2024\/11\/bild-Frau-1-edited-3-150x150.jpg 150w, https:\/\/rs-erkrath.de\/wp-content\/uploads\/2024\/11\/bild-Frau-1-edited-3.jpg 682w\" sizes=\"auto, (max-width: 300px) 100vw, 300px\" \/><\/figure>\n\n\n\n<div class=\"wp-block-group is-vertical is-content-justification-center is-nowrap is-layout-flex wp-container-core-group-is-layout-63bfd6c1 wp-block-group-is-layout-flex\">\n<div style=\"height:6px\" aria-hidden=\"true\" class=\"wp-block-spacer wp-container-content-2aa4ec05\"><\/div>\n\n\n\n<div style=\"height:6px\" aria-hidden=\"true\" class=\"wp-block-spacer wp-container-content-2aa4ec05\"><\/div>\n\n\n\n<h2 class=\"wp-block-heading has-large-font-size\"><strong>Nele<\/strong><\/h2>\n\n\n\n<p class=\"has-text-align-center has-small-font-size\">Klasse 10c<\/p>\n\n\n\n<div style=\"height:0px\" aria-hidden=\"true\" class=\"wp-block-spacer wp-container-content-16d1eb73\"><\/div>\n<\/div>\n<\/div>\n<\/div>\n<\/div>\n\n\n\n<div style=\"height:100px\" aria-hidden=\"true\" class=\"wp-block-spacer\"><\/div>\n","protected":false},"excerpt":{"rendered":"<p>Sch\u00fcler*innenvertretung (SV) Die Sch\u00fcler*innenvertretung (SV) unserer Realschule ist die Stimme der Sch\u00fclerschaft und spielt eine zentrale Rolle im schulischen Miteinander. Sie setzt sich aus engagierten Sch\u00fcler*innen aller Jahrg\u00e4nge zusammen, die [&hellip;]<\/p>\n","protected":false},"author":2,"featured_media":0,"parent":0,"menu_order":0,"comment_status":"closed","ping_status":"closed","template":"","meta":{"_price":"","_stock":"","_tribe_ticket_header":"","_tribe_default_ticket_provider":"","_tribe_ticket_capacity":"0","_ticket_start_date":"","_ticket_end_date":"","_tribe_ticket_show_description":"","_tribe_ticket_show_not_going":false,"_tribe_ticket_use_global_stock":"","_tribe_ticket_global_stock_level":"","_global_stock_mode":"","_global_stock_cap":"","_tribe_rsvp_for_event":"","_tribe_ticket_going_count":"","_tribe_ticket_not_going_count":"","_tribe_tickets_list":"[]","_tribe_ticket_has_attendee_info_fields":false,"_EventAllDay":false,"_EventTimezone":"","_EventStartDate":"","_EventEndDate":"","_EventStartDateUTC":"","_EventEndDateUTC":"","_EventShowMap":false,"_EventShowMapLink":false,"_EventURL":"","_EventCost":"","_EventCostDescription":"","_EventCurrencySymbol":"","_EventCurrencyCode":"","_EventCurrencyPosition":"","_EventDateTimeSeparator":"","_EventTimeRangeSeparator":"","_EventOrganizerID":[],"_EventVenueID":[],"_OrganizerEmail":"","_OrganizerPhone":"","_OrganizerWebsite":"","_VenueAddress":"","_VenueCity":"","_VenueCountry":"","_VenueProvince":"","_VenueState":"","_VenueZip":"","_VenuePhone":"","_VenueURL":"","_VenueStateProvince":"","_VenueLat":"","_VenueLng":"","_VenueShowMap":false,"_VenueShowMapLink":false,"_mc_calendar":[],"footnotes":"","_tec_slr_enabled":"","_tec_slr_layout":""},"class_list":["post-185","page","type-page","status-publish","hentry"],"ticketed":false,"_links":{"self":[{"href":"https:\/\/rs-erkrath.de\/index.php\/wp-json\/wp\/v2\/pages\/185","targetHints":{"allow":["GET"]}}],"collection":[{"href":"https:\/\/rs-erkrath.de\/index.php\/wp-json\/wp\/v2\/pages"}],"about":[{"href":"https:\/\/rs-erkrath.de\/index.php\/wp-json\/wp\/v2\/types\/page"}],"author":[{"embeddable":true,"href":"https:\/\/rs-erkrath.de\/index.php\/wp-json\/wp\/v2\/users\/2"}],"replies":[{"embeddable":true,"href":"https:\/\/rs-erkrath.de\/index.php\/wp-json\/wp\/v2\/comments?post=185"}],"version-history":[{"count":65,"href":"https:\/\/rs-erkrath.de\/index.php\/wp-json\/wp\/v2\/pages\/185\/revisions"}],"predecessor-version":[{"id":2226,"href":"https:\/\/rs-erkrath.de\/index.php\/wp-json\/wp\/v2\/pages\/185\/revisions\/2226"}],"wp:attachment":[{"href":"https:\/\/rs-erkrath.de\/index.php\/wp-json\/wp\/v2\/media?parent=185"}],"curies":[{"name":"wp","href":"https:\/\/api.w.org\/{rel}","templated":true}]}}