{"id":184,"date":"2024-11-14T21:49:17","date_gmt":"2024-11-14T21:49:17","guid":{"rendered":"https:\/\/rs-erkrath.de\/?page_id=184"},"modified":"2024-11-15T13:14:52","modified_gmt":"2024-11-15T12:14:52","slug":"schulpflegschaft","status":"publish","type":"page","link":"https:\/\/rs-erkrath.de\/index.php\/schulpflegschaft\/","title":{"rendered":"Schulpflegschaft"},"content":{"rendered":"\n<div style=\"height:25px\" aria-hidden=\"true\" class=\"wp-block-spacer\"><\/div>\n\n\n\n<h2 class=\"wp-block-heading has-text-align-center\">Schulpflegschaft<\/h2>\n\n\n\n<div class=\"wp-block-group has-global-padding is-layout-constrained wp-container-core-group-is-layout-97829e9f wp-block-group-is-layout-constrained\" style=\"padding-right:var(--wp--preset--spacing--40);padding-left:var(--wp--preset--spacing--40)\">\n<div style=\"height:35px\" aria-hidden=\"true\" class=\"wp-block-spacer\"><\/div>\n\n\n\n<p class=\"has-text-align-center\">Die Schulpflegschaft ist ein zentrales Gremium unserer Realschule, das den direkten Austausch zwischen Eltern, Lehrkr\u00e4ften und der Schulleitung f\u00f6rdert. Sie bietet Eltern die M\u00f6glichkeit, aktiv am Schulleben teilzuhaben und die Schule im Sinne der Sch\u00fcler*innen mitzugestalten. In der Schulpflegschaft haben alle Klassenpflegschaftsvorsitzenden und deren Stellvertreter*innen Sitz und Stimme. Die Pflegschaftsvorsitzenden werden jedes Schuljahr neu gew\u00e4hlt.<\/p>\n\n\n\n<div style=\"height:45px\" aria-hidden=\"true\" class=\"wp-block-spacer\"><\/div>\n<\/div>\n\n\n\n<div class=\"wp-block-group alignfull has-background has-global-padding is-layout-constrained wp-container-core-group-is-layout-d89aad35 wp-block-group-is-layout-constrained\" style=\"background-color:#30872659;margin-top:0;margin-bottom:0;padding-top:var(--wp--preset--spacing--50);padding-right:var(--wp--preset--spacing--50);padding-bottom:var(--wp--preset--spacing--50);padding-left:var(--wp--preset--spacing--50)\">\n<div class=\"wp-block-columns alignwide is-layout-flex wp-container-core-columns-is-layout-1da03c2a wp-block-columns-is-layout-flex\">\n<div class=\"wp-block-column is-vertically-aligned-center is-layout-flow wp-block-column-is-layout-flow\" style=\"flex-basis:60%\">\n<figure class=\"wp-block-image aligncenter size-full is-resized is-style-default wp-duotone-duotone-1\"><img loading=\"lazy\" decoding=\"async\" width=\"682\" height=\"682\" src=\"https:\/\/rs-erkrath.de\/wp-content\/uploads\/2024\/11\/bild-Frau-1-edited-1.jpg\" alt=\"\" class=\"wp-image-1448\" style=\"object-fit:cover;width:283px;height:auto\" srcset=\"https:\/\/rs-erkrath.de\/wp-content\/uploads\/2024\/11\/bild-Frau-1-edited-1.jpg 682w, https:\/\/rs-erkrath.de\/wp-content\/uploads\/2024\/11\/bild-Frau-1-edited-1-300x300.jpg 300w, https:\/\/rs-erkrath.de\/wp-content\/uploads\/2024\/11\/bild-Frau-1-edited-1-150x150.jpg 150w\" sizes=\"auto, (max-width: 682px) 100vw, 682px\" \/><\/figure>\n\n\n\n<div style=\"height:15px\" aria-hidden=\"true\" class=\"wp-block-spacer\"><\/div>\n\n\n\n<h2 class=\"wp-block-heading has-text-align-center has-large-font-size\"><strong>Frau Kr\u00fcger<\/strong><\/h2>\n<\/div>\n\n\n\n<div class=\"wp-block-column is-layout-flow wp-block-column-is-layout-flow\" style=\"flex-basis:40%\">\n<h2 class=\"wp-block-heading has-large-font-size\"><strong>Pflegschaftsvorsitzende<\/strong><\/h2>\n\n\n\n<div style=\"height:20px\" aria-hidden=\"true\" class=\"wp-block-spacer\"><\/div>\n\n\n\n<p>Als Vorsitzende der Schulpflegschaft ist Frau Kr\u00fcger die zentrale Ansprechperson f\u00fcr alle Belange der Eltern. Sie koordiniert die Sitzungen, bringt die Anliegen der Eltern in die Schulkonferenz ein und steht im engen Austausch mit der Schulleitung.<\/p>\n<\/div>\n<\/div>\n<\/div>\n\n\n\n<div class=\"wp-block-group alignfull has-background has-global-padding is-layout-constrained wp-container-core-group-is-layout-d89aad35 wp-block-group-is-layout-constrained\" style=\"background-color:#0b6fb380;margin-top:0;margin-bottom:0;padding-top:var(--wp--preset--spacing--50);padding-right:var(--wp--preset--spacing--50);padding-bottom:var(--wp--preset--spacing--50);padding-left:var(--wp--preset--spacing--50)\">\n<div class=\"wp-block-columns alignwide is-layout-flex wp-container-core-columns-is-layout-1da03c2a wp-block-columns-is-layout-flex\">\n<div class=\"wp-block-column is-vertically-aligned-center is-layout-flow wp-block-column-is-layout-flow\" style=\"flex-basis:60%\">\n<figure class=\"wp-block-image aligncenter size-full is-resized is-style-default wp-duotone-duotone-1\"><img loading=\"lazy\" decoding=\"async\" width=\"682\" height=\"682\" src=\"https:\/\/rs-erkrath.de\/wp-content\/uploads\/2024\/11\/bild-Frau-1-edited-2.jpg\" alt=\"\" class=\"wp-image-1449\" style=\"object-fit:cover;width:285px;height:auto\" srcset=\"https:\/\/rs-erkrath.de\/wp-content\/uploads\/2024\/11\/bild-Frau-1-edited-2.jpg 682w, https:\/\/rs-erkrath.de\/wp-content\/uploads\/2024\/11\/bild-Frau-1-edited-2-300x300.jpg 300w, https:\/\/rs-erkrath.de\/wp-content\/uploads\/2024\/11\/bild-Frau-1-edited-2-150x150.jpg 150w\" sizes=\"auto, (max-width: 682px) 100vw, 682px\" \/><\/figure>\n\n\n\n<div style=\"height:15px\" aria-hidden=\"true\" class=\"wp-block-spacer\"><\/div>\n\n\n\n<h2 class=\"wp-block-heading has-text-align-center has-large-font-size\"><strong>Frau Siegel<\/strong><\/h2>\n<\/div>\n\n\n\n<div class=\"wp-block-column is-layout-flow wp-block-column-is-layout-flow\" style=\"flex-basis:40%\">\n<h2 class=\"wp-block-heading has-large-font-size\"><strong>Stellvertretung<\/strong><\/h2>\n\n\n\n<div style=\"height:20px\" aria-hidden=\"true\" class=\"wp-block-spacer\"><\/div>\n\n\n\n<p>Unterst\u00fctzt wird Frau Kr\u00fcger von Frau Siegel, die ebenfalls eine aktive Rolle in der Kommunikation und Organisation \u00fcbernimmt. Gemeinsam setzen sie sich f\u00fcr die Interessen der gesamten Elternschaft ein.<\/p>\n<\/div>\n<\/div>\n<\/div>\n\n\n\n<div class=\"wp-block-group has-global-padding is-layout-constrained wp-container-core-group-is-layout-97829e9f wp-block-group-is-layout-constrained\" style=\"padding-right:var(--wp--preset--spacing--40);padding-left:var(--wp--preset--spacing--40)\">\n<div style=\"height:35px\" aria-hidden=\"true\" class=\"wp-block-spacer\"><\/div>\n\n\n\n<p class=\"has-medium-font-size\"><strong>Aufgaben und Funktionen der Schulpflegschaft<\/strong><\/p>\n\n\n\n<div style=\"height:20px\" aria-hidden=\"true\" class=\"wp-block-spacer\"><\/div>\n\n\n\n<ul class=\"wp-block-list\">\n<li>Mitgestaltung des Schullebens: Die Schulpflegschaft hat das Recht, bei wichtigen Entscheidungen, die das Schulleben betreffen, mitzuwirken. Dazu z\u00e4hlen Schulveranstaltungen, Regelungen zum Schulalltag und die Weiterentwicklung des Schulprogramms.<\/li>\n\n\n\n<li>Vermittlung und Kommunikation: Als Bindeglied zwischen Eltern, Lehrkr\u00e4ften und der Schulleitung sorgt die Schulpflegschaft daf\u00fcr, dass Anliegen und W\u00fcnsche der Elternschaft geh\u00f6rt werden. Sie hilft, L\u00f6sungen f\u00fcr Herausforderungen im Schulalltag zu finden.<\/li>\n\n\n\n<li>F\u00f6rderung der Schulentwicklung: Durch aktive Mitarbeit in der Schulkonferenz und anderen Gremien tr\u00e4gt die Schulpflegschaft zur kontinuierlichen Verbesserung der schulischen Rahmenbedingungen bei.<\/li>\n\n\n\n<li>Organisation von Veranstaltungen: Ob Schulfeste, Projekttage oder Informationsabende \u2013 die Schulpflegschaft unterst\u00fctzt bei der Organisation und Umsetzung schulischer Veranstaltungen.<\/li>\n<\/ul>\n\n\n\n<div style=\"height:20px\" aria-hidden=\"true\" class=\"wp-block-spacer\"><\/div>\n\n\n\n<p>Engagierte Eltern sind ein wichtiger Bestandteil einer erfolgreichen Schulgemeinschaft. Durch die Mitarbeit in der Schulpflegschaft haben Sie die M\u00f6glichkeit, die schulische Entwicklung Ihres Kindes aktiv zu begleiten und positive Ver\u00e4nderungen anzusto\u00dfen. <\/p>\n\n\n\n<div style=\"height:5px\" aria-hidden=\"true\" class=\"wp-block-spacer\"><\/div>\n\n\n\n<div style=\"height:9px\" aria-hidden=\"true\" class=\"wp-block-spacer\"><\/div>\n\n\n\n<p class=\"has-medium-font-size\">Durch die enge Zusammenarbeit mit der Schulleitung und den Lehrkr\u00e4ften tragen unsere Pflegschaftsvorsitzenden ma\u00dfgeblich zur Weiterentwicklung unserer Schule bei. <\/p>\n\n\n\n<div style=\"height:20px\" aria-hidden=\"true\" class=\"wp-block-spacer\"><\/div>\n\n\n\n<p class=\"has-medium-font-size\">Wir laden Sie herzlich ein, sich aktiv in die Schulpflegschaft einzubringen und das Schulleben mitzugestalten!<\/p>\n\n\n\n<div style=\"height:60px\" aria-hidden=\"true\" class=\"wp-block-spacer\"><\/div>\n<\/div>\n","protected":false},"excerpt":{"rendered":"<p>Schulpflegschaft Die Schulpflegschaft ist ein zentrales Gremium unserer Realschule, das den direkten Austausch zwischen Eltern, Lehrkr\u00e4ften und der Schulleitung f\u00f6rdert. Sie bietet Eltern die M\u00f6glichkeit, aktiv am Schulleben teilzuhaben und [&hellip;]<\/p>\n","protected":false},"author":2,"featured_media":0,"parent":0,"menu_order":0,"comment_status":"closed","ping_status":"closed","template":"","meta":{"_price":"","_stock":"","_tribe_ticket_header":"","_tribe_default_ticket_provider":"","_tribe_ticket_capacity":"0","_ticket_start_date":"","_ticket_end_date":"","_tribe_ticket_show_description":"","_tribe_ticket_show_not_going":false,"_tribe_ticket_use_global_stock":"","_tribe_ticket_global_stock_level":"","_global_stock_mode":"","_global_stock_cap":"","_tribe_rsvp_for_event":"","_tribe_ticket_going_count":"","_tribe_ticket_not_going_count":"","_tribe_tickets_list":"[]","_tribe_ticket_has_attendee_info_fields":false,"_EventAllDay":false,"_EventTimezone":"","_EventStartDate":"","_EventEndDate":"","_EventStartDateUTC":"","_EventEndDateUTC":"","_EventShowMap":false,"_EventShowMapLink":false,"_EventURL":"","_EventCost":"","_EventCostDescription":"","_EventCurrencySymbol":"","_EventCurrencyCode":"","_EventCurrencyPosition":"","_EventDateTimeSeparator":"","_EventTimeRangeSeparator":"","_EventOrganizerID":[],"_EventVenueID":[],"_OrganizerEmail":"","_OrganizerPhone":"","_OrganizerWebsite":"","_VenueAddress":"","_VenueCity":"","_VenueCountry":"","_VenueProvince":"","_VenueState":"","_VenueZip":"","_VenuePhone":"","_VenueURL":"","_VenueStateProvince":"","_VenueLat":"","_VenueLng":"","_VenueShowMap":false,"_VenueShowMapLink":false,"_mc_calendar":[],"footnotes":"","_tec_slr_enabled":"","_tec_slr_layout":""},"class_list":["post-184","page","type-page","status-publish","hentry"],"ticketed":false,"_links":{"self":[{"href":"https:\/\/rs-erkrath.de\/index.php\/wp-json\/wp\/v2\/pages\/184","targetHints":{"allow":["GET"]}}],"collection":[{"href":"https:\/\/rs-erkrath.de\/index.php\/wp-json\/wp\/v2\/pages"}],"about":[{"href":"https:\/\/rs-erkrath.de\/index.php\/wp-json\/wp\/v2\/types\/page"}],"author":[{"embeddable":true,"href":"https:\/\/rs-erkrath.de\/index.php\/wp-json\/wp\/v2\/users\/2"}],"replies":[{"embeddable":true,"href":"https:\/\/rs-erkrath.de\/index.php\/wp-json\/wp\/v2\/comments?post=184"}],"version-history":[{"count":33,"href":"https:\/\/rs-erkrath.de\/index.php\/wp-json\/wp\/v2\/pages\/184\/revisions"}],"predecessor-version":[{"id":1794,"href":"https:\/\/rs-erkrath.de\/index.php\/wp-json\/wp\/v2\/pages\/184\/revisions\/1794"}],"wp:attachment":[{"href":"https:\/\/rs-erkrath.de\/index.php\/wp-json\/wp\/v2\/media?parent=184"}],"curies":[{"name":"wp","href":"https:\/\/api.w.org\/{rel}","templated":true}]}}