{"id":183,"date":"2024-09-23T08:08:51","date_gmt":"2024-09-23T08:08:51","guid":{"rendered":"https:\/\/rs-erkrath.de\/?page_id=183"},"modified":"2024-11-15T13:08:36","modified_gmt":"2024-11-15T12:08:36","slug":"foerderverein-2","status":"publish","type":"page","link":"https:\/\/rs-erkrath.de\/index.php\/foerderverein-2\/","title":{"rendered":"F\u00f6rderverein"},"content":{"rendered":"\n<div style=\"height:25px\" aria-hidden=\"true\" class=\"wp-block-spacer\"><\/div>\n\n\n\n<h2 class=\"wp-block-heading has-text-align-center\">F\u00f6rderverein<\/h2>\n\n\n\n<div class=\"wp-block-group has-global-padding is-layout-constrained wp-container-core-group-is-layout-97829e9f wp-block-group-is-layout-constrained\" style=\"padding-right:var(--wp--preset--spacing--40);padding-left:var(--wp--preset--spacing--40)\">\n<div style=\"height:35px\" aria-hidden=\"true\" class=\"wp-block-spacer\"><\/div>\n\n\n\n<p>Liebe Eltern, Sorgeberechtigte und Interessierte des F\u00f6rdervereins,<\/p>\n\n\n\n<div style=\"height:22px\" aria-hidden=\"true\" class=\"wp-block-spacer\"><\/div>\n\n\n\n<p>Es gibt viele M\u00f6glichkeiten, die Schulzeit f\u00fcr unsere Kinder positiv mitzugestalten und genau dies m\u00f6chten wir, im Rahmen der M\u00f6glichkeiten des F\u00f6rdervereins, tun.<\/p>\n\n\n\n<p>Getreu dem Schulmotto \u201egemeinsam sind wir stark\u201c freuen wir uns \u00fcber Ihre Unterst\u00fctzung und Ihr Engagement, um kleine und gro\u00dfe Projekte realisieren zu k\u00f6nnen.<\/p>\n\n\n\n<div style=\"height:20px\" aria-hidden=\"true\" class=\"wp-block-spacer\"><\/div>\n\n\n\n<p>Mit Ihrer Hilfe konnte der F\u00f6rderverein wieder zahlreiche Projekte umsetzen,<\/p>\n\n\n\n<p>z. B.<\/p>\n\n\n\n<ul class=\"wp-block-list\">\n<li>&nbsp;&nbsp;&nbsp; die traditionelle Bef\u00fcllung der Schult\u00fcten f\u00fcr die neuen f\u00fcnften Klassen<\/li>\n\n\n\n<li>&nbsp;&nbsp;&nbsp; Streichen von Klassenr\u00e4umen und Aufstellen von Regalen<\/li>\n\n\n\n<li>&nbsp;&nbsp;&nbsp; Anschaffung von Sitzb\u00e4nken f\u00fcr den Schulhof<\/li>\n\n\n\n<li>&nbsp;&nbsp;&nbsp; Instandsetzung der Infos\u00e4ule in der Aula<\/li>\n\n\n\n<li>&nbsp; &nbsp; Lernraum Knast (-&gt; zur Webseite <a href=\"https:\/\/www.lernraum-knast.de\/praevention\">HIER<\/a>)<\/li>\n\n\n\n<li>&nbsp; &nbsp; Anschaffung der gro\u00dfen Sportmatte f\u00fcr den Bewegungsraum<\/li>\n<\/ul>\n\n\n\n<div style=\"height:20px\" aria-hidden=\"true\" class=\"wp-block-spacer\"><\/div>\n\n\n\n<p>F\u00fcr Fragen, W\u00fcnsche, Anregungen stehen wir Ihnen sehr gerne zur Verf\u00fcgung.<\/p>\n\n\n\n<div style=\"height:15px\" aria-hidden=\"true\" class=\"wp-block-spacer\"><\/div>\n\n\n\n<h2 class=\"wp-block-heading has-large-font-size\">Der Vorstand<\/h2>\n\n\n\n<div style=\"height:55px\" aria-hidden=\"true\" class=\"wp-block-spacer\"><\/div>\n<\/div>\n\n\n\n<div class=\"wp-block-group has-global-padding is-layout-constrained wp-container-core-group-is-layout-97829e9f wp-block-group-is-layout-constrained\" style=\"padding-right:var(--wp--preset--spacing--40);padding-left:var(--wp--preset--spacing--40)\">\n<p class=\"has-text-align-right\">Spenden gerne an:<\/p>\n\n\n\n<p class=\"has-text-align-right\">IBAN: DE 55 30150200 0003410818<\/p>\n\n\n\n<p class=\"has-text-align-right\">Kreissparkasse D\u00fcsseldorf<\/p>\n\n\n\n<div style=\"height:15px\" aria-hidden=\"true\" class=\"wp-block-spacer\"><\/div>\n<\/div>\n\n\n\n<div class=\"wp-block-group has-global-padding is-layout-constrained wp-container-core-group-is-layout-97829e9f wp-block-group-is-layout-constrained\" style=\"padding-right:var(--wp--preset--spacing--40);padding-left:var(--wp--preset--spacing--40)\">\n<div class=\"wp-block-buttons has-custom-font-size is-style-outline has-medium-font-size has-background is-horizontal is-layout-flex wp-block-buttons-is-layout-flex\" style=\"background-color:#0b6fb300\">\n<div class=\"wp-block-button has-custom-width wp-block-button__width-100 has-custom-font-size is-style-outline has-medium-font-size is-style-outline--1\"><a class=\"wp-block-button__link has-contrast-color has-accent-5-background-color has-text-color has-background has-text-align-center no-border-radius wp-element-button\" href=\"https:\/\/rs-erkrath.de\/index.php\/formulare\/\">zur Beitrittserkl\u00e4rung<\/a><\/div>\n<\/div>\n<\/div>\n\n\n\n<div style=\"height:51px\" aria-hidden=\"true\" class=\"wp-block-spacer\"><\/div>\n\n\n\n<div class=\"wp-block-group alignfull has-background has-global-padding is-layout-constrained wp-container-core-group-is-layout-796362d6 wp-block-group-is-layout-constrained\" style=\"background-color:#30872659;margin-top:0;margin-bottom:0;padding-top:var(--wp--preset--spacing--40);padding-right:var(--wp--preset--spacing--50);padding-bottom:var(--wp--preset--spacing--40);padding-left:var(--wp--preset--spacing--50)\">\n<div class=\"wp-block-group is-vertical is-content-justification-center is-layout-flex wp-container-core-group-is-layout-ce155fab wp-block-group-is-layout-flex\">\n<div style=\"height:14px\" aria-hidden=\"true\" class=\"wp-block-spacer wp-container-content-943fad18\"><\/div>\n\n\n\n<h2 class=\"wp-block-heading has-text-align-center has-x-large-font-size\">Vorstand des F\u00f6rdervereins<\/h2>\n<\/div>\n\n\n\n<div style=\"height:25px\" aria-hidden=\"true\" class=\"wp-block-spacer\"><\/div>\n\n\n\n<div class=\"wp-block-columns alignwide is-layout-flex wp-container-core-columns-is-layout-4935966c wp-block-columns-is-layout-flex\" style=\"padding-right:0;padding-left:0\">\n<div class=\"wp-block-column is-layout-flow wp-block-column-is-layout-flow\">\n<figure class=\"wp-block-image size-medium is-style-default\"><img loading=\"lazy\" decoding=\"async\" width=\"435\" height=\"435\" src=\"https:\/\/rs-erkrath.de\/wp-content\/uploads\/2024\/11\/Slide1-edited.jpg\" alt=\"\" class=\"wp-image-1475\" style=\"aspect-ratio:1;object-fit:cover\" srcset=\"https:\/\/rs-erkrath.de\/wp-content\/uploads\/2024\/11\/Slide1-edited.jpg 435w, https:\/\/rs-erkrath.de\/wp-content\/uploads\/2024\/11\/Slide1-edited-300x300.jpg 300w, https:\/\/rs-erkrath.de\/wp-content\/uploads\/2024\/11\/Slide1-edited-150x150.jpg 150w\" sizes=\"auto, (max-width: 435px) 100vw, 435px\" \/><\/figure>\n\n\n\n<div class=\"wp-block-group is-vertical is-content-justification-center is-nowrap is-layout-flex wp-container-core-group-is-layout-21d4e958 wp-block-group-is-layout-flex\">\n<div style=\"height:6px\" aria-hidden=\"true\" class=\"wp-block-spacer wp-container-content-2aa4ec05\"><\/div>\n\n\n\n<div style=\"height:6px\" aria-hidden=\"true\" class=\"wp-block-spacer wp-container-content-2aa4ec05\"><\/div>\n\n\n\n<h2 class=\"wp-block-heading has-large-font-size\"><strong>Dino Wefers<\/strong><\/h2>\n\n\n\n<p class=\"has-text-align-center has-small-font-size\">1. Vorsitzende<\/p>\n\n\n\n<div style=\"height:10px\" aria-hidden=\"true\" class=\"wp-block-spacer wp-container-content-728072c3\"><\/div>\n\n\n\n<p class=\"has-small-font-size\"><strong>Mail<\/strong>: dw@fvrse.de<\/p>\n\n\n\n<p class=\"has-small-font-size\"><strong>Tel:<\/strong> 0173\/5108833 <\/p>\n<\/div>\n<\/div>\n\n\n\n<div class=\"wp-block-column is-layout-flow wp-block-column-is-layout-flow\">\n<figure class=\"wp-block-image size-medium is-style-default\"><img loading=\"lazy\" decoding=\"async\" width=\"300\" height=\"300\" src=\"https:\/\/rs-erkrath.de\/wp-content\/uploads\/2024\/11\/Bild-mann-edited-2-300x300.jpg\" alt=\"\" class=\"wp-image-1470\" style=\"aspect-ratio:1;object-fit:cover\" srcset=\"https:\/\/rs-erkrath.de\/wp-content\/uploads\/2024\/11\/Bild-mann-edited-2-300x300.jpg 300w, https:\/\/rs-erkrath.de\/wp-content\/uploads\/2024\/11\/Bild-mann-edited-2-150x150.jpg 150w, https:\/\/rs-erkrath.de\/wp-content\/uploads\/2024\/11\/Bild-mann-edited-2.jpg 314w\" sizes=\"auto, (max-width: 300px) 100vw, 300px\" \/><\/figure>\n\n\n\n<div class=\"wp-block-group is-vertical is-content-justification-center is-nowrap is-layout-flex wp-container-core-group-is-layout-63bfd6c1 wp-block-group-is-layout-flex\">\n<div style=\"height:6px\" aria-hidden=\"true\" class=\"wp-block-spacer wp-container-content-2aa4ec05\"><\/div>\n\n\n\n<div style=\"height:6px\" aria-hidden=\"true\" class=\"wp-block-spacer wp-container-content-2aa4ec05\"><\/div>\n\n\n\n<h2 class=\"wp-block-heading has-large-font-size\"><strong>Lutz Kraft<\/strong><\/h2>\n\n\n\n<p class=\"has-text-align-center has-small-font-size\">2. Vorsitzende<\/p>\n<\/div>\n<\/div>\n\n\n\n<div class=\"wp-block-column is-layout-flow wp-block-column-is-layout-flow\">\n<figure class=\"wp-block-image size-medium is-style-default\"><img loading=\"lazy\" decoding=\"async\" width=\"300\" height=\"300\" src=\"https:\/\/rs-erkrath.de\/wp-content\/uploads\/2024\/11\/Bild-mann-edited-3-300x300.jpg\" alt=\"\" class=\"wp-image-1471\" style=\"aspect-ratio:1;object-fit:cover\" srcset=\"https:\/\/rs-erkrath.de\/wp-content\/uploads\/2024\/11\/Bild-mann-edited-3-300x300.jpg 300w, https:\/\/rs-erkrath.de\/wp-content\/uploads\/2024\/11\/Bild-mann-edited-3-150x150.jpg 150w, https:\/\/rs-erkrath.de\/wp-content\/uploads\/2024\/11\/Bild-mann-edited-3.jpg 314w\" sizes=\"auto, (max-width: 300px) 100vw, 300px\" \/><\/figure>\n\n\n\n<div class=\"wp-block-group is-vertical is-content-justification-center is-nowrap is-layout-flex wp-container-core-group-is-layout-63bfd6c1 wp-block-group-is-layout-flex\">\n<div style=\"height:6px\" aria-hidden=\"true\" class=\"wp-block-spacer wp-container-content-2aa4ec05\"><\/div>\n\n\n\n<div style=\"height:6px\" aria-hidden=\"true\" class=\"wp-block-spacer wp-container-content-2aa4ec05\"><\/div>\n\n\n\n<h2 class=\"wp-block-heading has-large-font-size\"><strong>Martin Scholz<\/strong><\/h2>\n\n\n\n<p class=\"has-text-align-center has-small-font-size\">Schatzmeister<\/p>\n<\/div>\n<\/div>\n<\/div>\n<\/div>\n\n\n\n<div style=\"height:60px\" aria-hidden=\"true\" class=\"wp-block-spacer\"><\/div>\n","protected":false},"excerpt":{"rendered":"<p>F\u00f6rderverein Liebe Eltern, Sorgeberechtigte und Interessierte des F\u00f6rdervereins, Es gibt viele M\u00f6glichkeiten, die Schulzeit f\u00fcr unsere Kinder positiv mitzugestalten und genau dies m\u00f6chten wir, im Rahmen der M\u00f6glichkeiten des F\u00f6rdervereins, [&hellip;]<\/p>\n","protected":false},"author":2,"featured_media":0,"parent":0,"menu_order":0,"comment_status":"closed","ping_status":"closed","template":"","meta":{"_price":"","_stock":"","_tribe_ticket_header":"","_tribe_default_ticket_provider":"","_tribe_ticket_capacity":"0","_ticket_start_date":"","_ticket_end_date":"","_tribe_ticket_show_description":"","_tribe_ticket_show_not_going":false,"_tribe_ticket_use_global_stock":"","_tribe_ticket_global_stock_level":"","_global_stock_mode":"","_global_stock_cap":"","_tribe_rsvp_for_event":"","_tribe_ticket_going_count":"","_tribe_ticket_not_going_count":"","_tribe_tickets_list":"[]","_tribe_ticket_has_attendee_info_fields":false,"_EventAllDay":false,"_EventTimezone":"","_EventStartDate":"","_EventEndDate":"","_EventStartDateUTC":"","_EventEndDateUTC":"","_EventShowMap":false,"_EventShowMapLink":false,"_EventURL":"","_EventCost":"","_EventCostDescription":"","_EventCurrencySymbol":"","_EventCurrencyCode":"","_EventCurrencyPosition":"","_EventDateTimeSeparator":"","_EventTimeRangeSeparator":"","_EventOrganizerID":[],"_EventVenueID":[],"_OrganizerEmail":"","_OrganizerPhone":"","_OrganizerWebsite":"","_VenueAddress":"","_VenueCity":"","_VenueCountry":"","_VenueProvince":"","_VenueState":"","_VenueZip":"","_VenuePhone":"","_VenueURL":"","_VenueStateProvince":"","_VenueLat":"","_VenueLng":"","_VenueShowMap":false,"_VenueShowMapLink":false,"_mc_calendar":[],"footnotes":"","_tec_slr_enabled":"","_tec_slr_layout":""},"class_list":["post-183","page","type-page","status-publish","hentry"],"ticketed":false,"_links":{"self":[{"href":"https:\/\/rs-erkrath.de\/index.php\/wp-json\/wp\/v2\/pages\/183","targetHints":{"allow":["GET"]}}],"collection":[{"href":"https:\/\/rs-erkrath.de\/index.php\/wp-json\/wp\/v2\/pages"}],"about":[{"href":"https:\/\/rs-erkrath.de\/index.php\/wp-json\/wp\/v2\/types\/page"}],"author":[{"embeddable":true,"href":"https:\/\/rs-erkrath.de\/index.php\/wp-json\/wp\/v2\/users\/2"}],"replies":[{"embeddable":true,"href":"https:\/\/rs-erkrath.de\/index.php\/wp-json\/wp\/v2\/comments?post=183"}],"version-history":[{"count":67,"href":"https:\/\/rs-erkrath.de\/index.php\/wp-json\/wp\/v2\/pages\/183\/revisions"}],"predecessor-version":[{"id":1785,"href":"https:\/\/rs-erkrath.de\/index.php\/wp-json\/wp\/v2\/pages\/183\/revisions\/1785"}],"wp:attachment":[{"href":"https:\/\/rs-erkrath.de\/index.php\/wp-json\/wp\/v2\/media?parent=183"}],"curies":[{"name":"wp","href":"https:\/\/api.w.org\/{rel}","templated":true}]}}