{"id":168,"date":"2024-10-31T10:12:36","date_gmt":"2024-10-31T10:12:36","guid":{"rendered":"https:\/\/rs-erkrath.de\/?page_id=168"},"modified":"2024-12-04T08:29:29","modified_gmt":"2024-12-04T07:29:29","slug":"externe-kooperationspartner","status":"publish","type":"page","link":"https:\/\/rs-erkrath.de\/index.php\/externe-kooperationspartner\/","title":{"rendered":"Externe Kooperationspartner"},"content":{"rendered":"\n<div style=\"height:25px\" aria-hidden=\"true\" class=\"wp-block-spacer\"><\/div>\n\n\n\n<h2 class=\"wp-block-heading has-text-align-center\">Externe Kooperationspartner<\/h2>\n\n\n\n<div style=\"height:35px\" aria-hidden=\"true\" class=\"wp-block-spacer\"><\/div>\n\n\n\n<div class=\"wp-block-group alignfull has-background has-global-padding is-layout-constrained wp-container-core-group-is-layout-669513ed wp-block-group-is-layout-constrained\" style=\"background-color:#308726b3;margin-top:0;margin-bottom:0;padding-top:var(--wp--preset--spacing--50);padding-right:var(--wp--preset--spacing--50);padding-bottom:var(--wp--preset--spacing--50);padding-left:var(--wp--preset--spacing--50)\">\n<div class=\"wp-block-columns alignwide is-layout-flex wp-container-core-columns-is-layout-1da03c2a wp-block-columns-is-layout-flex\">\n<div class=\"wp-block-column is-vertically-aligned-stretch is-layout-flow wp-block-column-is-layout-flow\" style=\"flex-basis:50%\">\n<p class=\"has-small-font-size\">Kooperation im Rahmen der \u00dcbermittagsbetreuung<\/p>\n\n\n\n<p class=\"has-base-2-color has-text-color has-link-color has-heading-font-family has-x-large-font-size wp-elements-ec8c7a78565508f27cd758175184e7e9\" style=\"line-height:1.2\"><strong>interaktiv gGmbH<\/strong><\/p>\n\n\n\n<p class=\"has-base-2-color has-text-color has-link-color wp-elements-7b87e27ce4e49a156fa20fca06e1eaac\">Die Kooperation mit der interaktiv gGmbH besteht in der p\u00e4dagogischen \u00dcbermittagsbetreuung unserer Sch\u00fcler*innen. Sie bietet ihnen ein umfassendes Nachmittagsangebot zur F\u00f6rderung ihrer schulischen und sozialen Entwicklung. Organisiert durch das Team von Interaktiv, werden die Kinder der Klassen 5 und 6 in Lernzeiten, w\u00e4hrend der Mittagspause sowie bei verschiedenen F\u00f6rder- und Freizeitangeboten individuell betreut und unterst\u00fctzt. Schwerpunkte des Programms liegen auf der Unterst\u00fctzung in Inklusionsfragen und der gezielten Hilfestellung in spezifischen Lernbereichen.<\/p>\n\n\n\n<div style=\"height:30px\" aria-hidden=\"true\" class=\"wp-block-spacer\"><\/div>\n\n\n\n<div class=\"wp-block-buttons is-layout-flex wp-block-buttons-is-layout-flex\">\n<div class=\"wp-block-button has-custom-width wp-block-button__width-100 has-custom-font-size is-style-outline has-small-font-size is-style-outline--1\"><a class=\"wp-block-button__link has-base-2-color has-text-color has-background no-border-radius wp-element-button\" href=\"https:\/\/interaktiv-perspektiven.de\" style=\"background-color:#0b6fb300\" target=\"_blank\" rel=\"noreferrer noopener\">zur Webseite von &#8222;interaktiv gGmbH&#8220;<\/a><\/div>\n\n\n\n<div class=\"wp-block-button has-custom-width wp-block-button__width-100 has-custom-font-size is-style-outline has-small-font-size is-style-outline--2\"><a class=\"wp-block-button__link has-base-2-color has-text-color has-background no-border-radius wp-element-button\" href=\"https:\/\/rs-erkrath.de\/index.php\/nachmittagsbetreuung\/\" style=\"background-color:#0b6fb300\" target=\"_blank\" rel=\"noreferrer noopener\">zur Vorstellung der \u00dcbermittagsbetreuung an unserer Schule<\/a><\/div>\n<\/div>\n<\/div>\n\n\n\n<div class=\"wp-block-column is-vertically-aligned-center is-layout-flow wp-block-column-is-layout-flow\" style=\"flex-basis:50%\">\n<figure class=\"wp-block-image aligncenter size-full\"><img loading=\"lazy\" decoding=\"async\" width=\"800\" height=\"203\" src=\"https:\/\/rs-erkrath.de\/wp-content\/uploads\/2024\/10\/Logo-Interaktiv.jpg\" alt=\"\" class=\"wp-image-1277\" srcset=\"https:\/\/rs-erkrath.de\/wp-content\/uploads\/2024\/10\/Logo-Interaktiv.jpg 800w, https:\/\/rs-erkrath.de\/wp-content\/uploads\/2024\/10\/Logo-Interaktiv-300x76.jpg 300w, https:\/\/rs-erkrath.de\/wp-content\/uploads\/2024\/10\/Logo-Interaktiv-768x195.jpg 768w\" sizes=\"auto, (max-width: 800px) 100vw, 800px\" \/><\/figure>\n<\/div>\n<\/div>\n<\/div>\n\n\n\n<div style=\"height:0px\" aria-hidden=\"true\" class=\"wp-block-spacer\"><\/div>\n\n\n\n<div class=\"wp-block-group alignfull has-background has-global-padding is-layout-constrained wp-container-core-group-is-layout-669513ed wp-block-group-is-layout-constrained\" style=\"background-color:#0b6fb2d6;margin-top:0;margin-bottom:0;padding-top:var(--wp--preset--spacing--50);padding-right:var(--wp--preset--spacing--50);padding-bottom:var(--wp--preset--spacing--50);padding-left:var(--wp--preset--spacing--50)\">\n<div class=\"wp-block-columns alignwide is-layout-flex wp-container-core-columns-is-layout-1da03c2a wp-block-columns-is-layout-flex\">\n<div class=\"wp-block-column is-vertically-aligned-stretch is-layout-flow wp-block-column-is-layout-flow\" style=\"flex-basis:50%\">\n<p class=\"has-small-font-size\">Kooperation im Rahmen des Projekts &#8222;Z\u00fcndstoff&#8220;<\/p>\n\n\n\n<p class=\"has-base-2-color has-text-color has-link-color has-heading-font-family has-x-large-font-size wp-elements-8dcab61c4cd40ba5c82ff1ceceb69ef3\" style=\"line-height:1.2\"><strong>SKFM Erkrath<\/strong><\/p>\n\n\n\n<p class=\"has-base-2-color has-text-color has-link-color has-medium-font-size wp-elements-789a8d75d2687f787fdbe508c76db7e4\">Die Zusammenarbeit mit dem SKFM Erkrath besteht im Projekt <strong>Z\u00fcndstoff <\/strong>und ist jahrgangs\u00fcbergreifend.<\/p>\n\n\n\n<p class=\"has-base-2-color has-text-color has-link-color has-medium-font-size wp-elements-d0831a41c96722f50c3f37063d03ff18\">Dieses Schulprojekt richtet sich an schulpflichtige Jugendliche ab zw\u00f6lf Jahren mit Tendenzen zur Unterrichtsvermeidung, die eine individuelle F\u00f6rderung brauchen, damit Schule gelingt.<\/p>\n\n\n\n<div style=\"height:30px\" aria-hidden=\"true\" class=\"wp-block-spacer\"><\/div>\n\n\n\n<div class=\"wp-block-buttons is-layout-flex wp-block-buttons-is-layout-flex\">\n<div class=\"wp-block-button has-custom-width wp-block-button__width-100 has-custom-font-size is-style-outline has-small-font-size is-style-outline--3\"><a class=\"wp-block-button__link has-base-2-color has-text-color has-background no-border-radius wp-element-button\" href=\"https:\/\/www.skfm-erkrath.de\/kinder-und-jugendsozialarbeit\/schulprojekt-zuendstoff\" style=\"background-color:#0b6fb300\" target=\"_blank\" rel=\"noreferrer noopener\">zur Webseite vom Projekt &#8222;Z\u00fcndstoff&#8220;<\/a><\/div>\n<\/div>\n<\/div>\n\n\n\n<div class=\"wp-block-column is-vertically-aligned-center is-layout-flow wp-block-column-is-layout-flow\" style=\"flex-basis:50%\">\n<figure class=\"wp-block-image aligncenter size-full is-resized\"><img loading=\"lazy\" decoding=\"async\" width=\"375\" height=\"450\" src=\"https:\/\/rs-erkrath.de\/wp-content\/uploads\/2024\/10\/Logo_SKFM-Erkrath_08-2017.jpg\" alt=\"\" class=\"wp-image-1202\" style=\"width:221px;height:auto\" srcset=\"https:\/\/rs-erkrath.de\/wp-content\/uploads\/2024\/10\/Logo_SKFM-Erkrath_08-2017.jpg 375w, https:\/\/rs-erkrath.de\/wp-content\/uploads\/2024\/10\/Logo_SKFM-Erkrath_08-2017-250x300.jpg 250w\" sizes=\"auto, (max-width: 375px) 100vw, 375px\" \/><\/figure>\n<\/div>\n<\/div>\n<\/div>\n\n\n\n<div style=\"height:0px\" aria-hidden=\"true\" class=\"wp-block-spacer\"><\/div>\n\n\n\n<div class=\"wp-block-group alignfull has-background has-global-padding is-layout-constrained wp-container-core-group-is-layout-669513ed wp-block-group-is-layout-constrained\" style=\"background-color:#30872659;margin-top:0;margin-bottom:0;padding-top:var(--wp--preset--spacing--50);padding-right:var(--wp--preset--spacing--50);padding-bottom:var(--wp--preset--spacing--50);padding-left:var(--wp--preset--spacing--50)\">\n<div class=\"wp-block-columns alignwide is-layout-flex wp-container-core-columns-is-layout-1da03c2a wp-block-columns-is-layout-flex\">\n<div class=\"wp-block-column is-vertically-aligned-stretch is-layout-flow wp-block-column-is-layout-flow\" style=\"flex-basis:50%\">\n<p class=\"has-small-font-size\">Kooperation zur F\u00f6rderung von Lesen \/ Leseverst\u00e4ndnis<\/p>\n\n\n\n<p class=\"has-contrast-color has-text-color has-link-color has-heading-font-family has-x-large-font-size wp-elements-f6a60b4afaa8513b7fff5b9e8848db4f\" style=\"line-height:1.2\"><strong>Stadtb\u00fccherei Erkrath<\/strong><\/p>\n\n\n\n<div style=\"height:10px\" aria-hidden=\"true\" class=\"wp-block-spacer\"><\/div>\n\n\n\n<p class=\"has-medium-font-size\"><strong>Vielf\u00e4ltiges Angebot <\/strong><\/p>\n\n\n\n<div style=\"height:10px\" aria-hidden=\"true\" class=\"wp-block-spacer\"><\/div>\n\n\n\n<ul style=\"line-height:1.75\" class=\"wp-block-list is-style-checkmark-list\">\n<li class=\"has-medium-font-size\">Klassenf\u00fchrungen<\/li>\n\n\n\n<li class=\"has-medium-font-size\">Medienboxen<\/li>\n\n\n\n<li class=\"has-medium-font-size\">MINT &#8211; Themenboxen<\/li>\n\n\n\n<li class=\"has-medium-font-size\">Sommerleseclub<\/li>\n<\/ul>\n\n\n\n<div style=\"height:10px\" aria-hidden=\"true\" class=\"wp-block-spacer\"><\/div>\n<\/div>\n\n\n\n<div class=\"wp-block-column is-vertically-aligned-center is-layout-flow wp-block-column-is-layout-flow\" style=\"flex-basis:50%\">\n<figure class=\"wp-block-image aligncenter size-full is-resized\"><img loading=\"lazy\" decoding=\"async\" width=\"1024\" height=\"465\" src=\"https:\/\/rs-erkrath.de\/wp-content\/uploads\/2024\/11\/Bild_2024-09-02_142935668.png\" alt=\"\" class=\"wp-image-1565\" style=\"width:498px;height:auto\" srcset=\"https:\/\/rs-erkrath.de\/wp-content\/uploads\/2024\/11\/Bild_2024-09-02_142935668.png 1024w, https:\/\/rs-erkrath.de\/wp-content\/uploads\/2024\/11\/Bild_2024-09-02_142935668-300x136.png 300w, https:\/\/rs-erkrath.de\/wp-content\/uploads\/2024\/11\/Bild_2024-09-02_142935668-768x349.png 768w\" sizes=\"auto, (max-width: 1024px) 100vw, 1024px\" \/><\/figure>\n\n\n\n<div style=\"height:10px\" aria-hidden=\"true\" class=\"wp-block-spacer\"><\/div>\n\n\n\n<p class=\"has-text-align-right has-small-font-size\"><strong>Stadtb\u00fccherei Erkrath<\/strong> <\/p>\n\n\n\n<p class=\"has-text-align-right has-small-font-size\"><em>Sedentaler Str. 105-107, 40699 Erkrath  I  Tel: 0211\/2407-4101<\/em><\/p>\n<\/div>\n<\/div>\n\n\n\n<div class=\"wp-block-group alignwide is-layout-flow wp-block-group-is-layout-flow\">\n<div style=\"height:32px\" aria-hidden=\"true\" class=\"wp-block-spacer\"><\/div>\n\n\n\n<div class=\"wp-block-group is-vertical is-nowrap is-layout-flex wp-container-core-group-is-layout-5ddee21e wp-block-group-is-layout-flex\" style=\"padding-right:0;padding-left:0\">\n<p style=\"font-style:normal;font-weight:500\"><strong>Klassenf\u00fchrungen<\/strong><\/p>\n\n\n\n<p>F\u00fcr die 5. Klassen bietet die Stadtb\u00fccherei die Rallye \u201eMit dem Tablet durch die Stadtb\u00fccherei\u201c an. Diese F\u00fchrung eignet sich besonders anl\u00e4sslich des Schulwechsels in die weiterf\u00fchrende Schule, um die Bibliothek sowohl als Freizeitbereicherung und andererseits als Fundgrube f\u00fcr relevante Sch\u00fclerinformationen verstehen zu lernen. Sch\u00fclerinnen und Sch\u00fcler testen w\u00e4hrend der Rallye mittels Tablet und einer App spielerisch ihren Umgang mit B\u00fcchern und lernen so verschiedene Angebote der B\u00fccherei kennen. <\/p>\n\n\n\n<div style=\"height:15px\" aria-hidden=\"true\" class=\"wp-block-spacer wp-container-content-42c95ffb\"><\/div>\n<\/div>\n\n\n\n<div style=\"height:2px\" aria-hidden=\"true\" class=\"wp-block-spacer\"><\/div>\n\n\n\n<div class=\"wp-block-group is-vertical is-content-justification-left is-nowrap is-layout-flex wp-container-core-group-is-layout-57552c90 wp-block-group-is-layout-flex\" style=\"padding-right:0;padding-left:0\">\n<p style=\"font-style:normal;font-weight:500\"><strong>Medienboxen<\/strong><\/p>\n\n\n\n<p>Medienboxen enthalten bis zu 30 B\u00fccher und andere Medien zu einer Vielzahl von Themen. Sie regen den Lesespa\u00df und die Besch\u00e4ftigung mit Medien an und k\u00f6nnen von den Lehrkr\u00e4ften ausgeliehen werden.<\/p>\n\n\n\n<div style=\"height:16px\" aria-hidden=\"true\" class=\"wp-block-spacer wp-container-content-f9bd05ee\"><\/div>\n<\/div>\n\n\n\n<div style=\"height:3px\" aria-hidden=\"true\" class=\"wp-block-spacer\"><\/div>\n\n\n\n<div class=\"wp-block-group is-vertical is-content-justification-left is-nowrap is-layout-flex wp-container-core-group-is-layout-4f6a5f06 wp-block-group-is-layout-flex\" style=\"padding-right:0;padding-left:0\">\n<p style=\"font-style:normal;font-weight:500\"><strong>MINT-Themenboxen<\/strong><\/p>\n\n\n\n<p>Zu MINT-Themen wie Coding, Robotic, etc. bietet uns die Stadtb\u00fccherei folgende Themenkoffer inklusive p\u00e4dagogischer Handreichungen an: Programmierbare Roboter: Dash, Ozobots, programmierbare Platinen, Elektronik-Bauk\u00e4sten und \u00c4hnliches: Makey Makey, Arduino, Green Screens f\u00fcr Film- und Fotoprojekte.<\/p>\n\n\n\n<div style=\"height:15px\" aria-hidden=\"true\" class=\"wp-block-spacer wp-container-content-42c95ffb\"><\/div>\n<\/div>\n\n\n\n<div style=\"height:4px\" aria-hidden=\"true\" class=\"wp-block-spacer\"><\/div>\n\n\n\n<div class=\"wp-block-group is-vertical is-nowrap is-layout-flex wp-container-core-group-is-layout-5ddee21e wp-block-group-is-layout-flex\" style=\"padding-right:0;padding-left:0\">\n<p style=\"font-style:normal;font-weight:500\"><strong>Sommerleseclub<\/strong><\/p>\n\n\n\n<p>Der Sommerleseclub findet w\u00e4hrend der Sommerferien statt mit dem Ziel, das Lesen auch au\u00dferhalb der Schule zu f\u00f6rdern.<\/p>\n\n\n\n<div style=\"height:30px\" aria-hidden=\"true\" class=\"wp-block-spacer wp-container-content-cf2db169\"><\/div>\n\n\n\n<div style=\"height:15px\" aria-hidden=\"true\" class=\"wp-block-spacer wp-container-content-42c95ffb\"><\/div>\n<\/div>\n\n\n\n<div class=\"wp-block-buttons is-layout-flex wp-block-buttons-is-layout-flex\">\n<div class=\"wp-block-button has-custom-width wp-block-button__width-100 has-custom-font-size is-style-outline has-small-font-size is-style-outline--4\"><a class=\"wp-block-button__link has-contrast-color has-text-color has-background no-border-radius wp-element-button\" href=\"https:\/\/www.erkrath.de\/Bildung-Soziales\/Bildung\/Stadtb%C3%BCcherei-Erkrath\/\" style=\"background-color:#0b6fb300\">zur Webseite der Stadtb\u00fccherei Erkrath<\/a><\/div>\n<\/div>\n<\/div>\n<\/div>\n\n\n\n<div style=\"height:0px\" aria-hidden=\"true\" class=\"wp-block-spacer\"><\/div>\n\n\n\n<div class=\"wp-block-group alignfull has-background has-global-padding is-layout-constrained wp-container-core-group-is-layout-669513ed wp-block-group-is-layout-constrained\" style=\"background-color:#0b6fb380;margin-top:0;margin-bottom:0;padding-top:var(--wp--preset--spacing--50);padding-right:var(--wp--preset--spacing--50);padding-bottom:var(--wp--preset--spacing--50);padding-left:var(--wp--preset--spacing--50)\">\n<div class=\"wp-block-columns alignwide is-layout-flex wp-container-core-columns-is-layout-1da03c2a wp-block-columns-is-layout-flex\">\n<div class=\"wp-block-column is-vertically-aligned-stretch is-layout-flow wp-block-column-is-layout-flow\" style=\"flex-basis:50%\">\n<p class=\"has-small-font-size\">Kooperation im Rahmen der Berufs(wahl)orientierung<\/p>\n\n\n\n<p class=\"has-contrast-color has-text-color has-link-color has-heading-font-family has-x-large-font-size wp-elements-e0f882eaba253956782a23eba78fdea0\" style=\"line-height:1.2\"><strong>Wirtschaftskreis Erkrath e.V.<\/strong><\/p>\n\n\n\n<p>Informationen zur Kooperation folgen \u2026<\/p>\n<\/div>\n\n\n\n<div class=\"wp-block-column is-vertically-aligned-center is-layout-flow wp-block-column-is-layout-flow\" style=\"flex-basis:50%\"><\/div>\n<\/div>\n<\/div>\n\n\n\n<div style=\"height:0px\" aria-hidden=\"true\" class=\"wp-block-spacer\"><\/div>\n\n\n\n<div class=\"wp-block-group alignfull has-background has-global-padding is-layout-constrained wp-container-core-group-is-layout-669513ed wp-block-group-is-layout-constrained\" style=\"background-color:#3087268c;margin-top:0;margin-bottom:0;padding-top:var(--wp--preset--spacing--50);padding-right:var(--wp--preset--spacing--50);padding-bottom:var(--wp--preset--spacing--50);padding-left:var(--wp--preset--spacing--50)\">\n<div class=\"wp-block-columns alignwide is-layout-flex wp-container-core-columns-is-layout-1da03c2a wp-block-columns-is-layout-flex\">\n<div class=\"wp-block-column is-vertically-aligned-stretch is-layout-flow wp-block-column-is-layout-flow\" style=\"flex-basis:50%\">\n<p class=\"has-small-font-size\">Kooperation im Rahmen der Berufs(wahl)orientierung<\/p>\n\n\n\n<p class=\"has-contrast-color has-text-color has-link-color has-heading-font-family has-x-large-font-size wp-elements-1c1db458803cbb2402a3bf2e55c820dd\" style=\"line-height:1.2\"><strong>Bundesagentur f\u00fcr Arbeit<\/strong><\/p>\n\n\n\n<p class=\"has-contrast-color has-text-color has-link-color wp-elements-0822df1466a9b7be15577d857169b453\">Informationen zur Kooperation folgen &#8230;<\/p>\n<\/div>\n\n\n\n<div class=\"wp-block-column is-vertically-aligned-center is-layout-flow wp-block-column-is-layout-flow\" style=\"flex-basis:50%\"><\/div>\n<\/div>\n<\/div>\n\n\n\n<div style=\"height:0px\" aria-hidden=\"true\" class=\"wp-block-spacer\"><\/div>\n\n\n\n<div class=\"wp-block-group alignfull has-background has-global-padding is-layout-constrained wp-container-core-group-is-layout-669513ed wp-block-group-is-layout-constrained\" style=\"background-color:#0b6fb3ad;margin-top:0;margin-bottom:0;padding-top:var(--wp--preset--spacing--50);padding-right:var(--wp--preset--spacing--50);padding-bottom:var(--wp--preset--spacing--50);padding-left:var(--wp--preset--spacing--50)\">\n<div class=\"wp-block-columns alignwide is-layout-flex wp-container-core-columns-is-layout-1da03c2a wp-block-columns-is-layout-flex\">\n<div class=\"wp-block-column is-vertically-aligned-stretch is-layout-flow wp-block-column-is-layout-flow\" style=\"flex-basis:50%\">\n<p class=\"has-small-font-size\">Kooperation im Rahmen der Berufs(wahl)orientierung<\/p>\n\n\n\n<p class=\"has-base-2-color has-text-color has-link-color has-heading-font-family has-x-large-font-size wp-elements-4258e3af870354f58fffdc61c99abb05\" style=\"line-height:1.2\"><strong>Handwerkerkreis Erkrath e.V.<\/strong><\/p>\n\n\n\n<p class=\"has-base-2-color has-text-color has-link-color wp-elements-54de196ddedca7fa9b6f7ccc7908ad62\">Informationen zur Kooperation folgen &#8230;<\/p>\n<\/div>\n\n\n\n<div class=\"wp-block-column is-vertically-aligned-center is-layout-flow wp-block-column-is-layout-flow\" style=\"flex-basis:50%\"><\/div>\n<\/div>\n<\/div>\n\n\n\n<div style=\"height:0px\" aria-hidden=\"true\" class=\"wp-block-spacer\"><\/div>\n","protected":false},"excerpt":{"rendered":"<p>Externe Kooperationspartner Kooperation im Rahmen der \u00dcbermittagsbetreuung interaktiv gGmbH Die Kooperation mit der interaktiv gGmbH besteht in der p\u00e4dagogischen \u00dcbermittagsbetreuung unserer Sch\u00fcler*innen. Sie bietet ihnen ein umfassendes Nachmittagsangebot zur F\u00f6rderung [&hellip;]<\/p>\n","protected":false},"author":2,"featured_media":0,"parent":0,"menu_order":0,"comment_status":"closed","ping_status":"closed","template":"","meta":{"_price":"","_stock":"","_tribe_ticket_header":"","_tribe_default_ticket_provider":"","_tribe_ticket_capacity":"0","_ticket_start_date":"","_ticket_end_date":"","_tribe_ticket_show_description":"","_tribe_ticket_show_not_going":false,"_tribe_ticket_use_global_stock":"","_tribe_ticket_global_stock_level":"","_global_stock_mode":"","_global_stock_cap":"","_tribe_rsvp_for_event":"","_tribe_ticket_going_count":"","_tribe_ticket_not_going_count":"","_tribe_tickets_list":"[]","_tribe_ticket_has_attendee_info_fields":false,"_EventAllDay":false,"_EventTimezone":"","_EventStartDate":"","_EventEndDate":"","_EventStartDateUTC":"","_EventEndDateUTC":"","_EventShowMap":false,"_EventShowMapLink":false,"_EventURL":"","_EventCost":"","_EventCostDescription":"","_EventCurrencySymbol":"","_EventCurrencyCode":"","_EventCurrencyPosition":"","_EventDateTimeSeparator":"","_EventTimeRangeSeparator":"","_EventOrganizerID":[],"_EventVenueID":[],"_OrganizerEmail":"","_OrganizerPhone":"","_OrganizerWebsite":"","_VenueAddress":"","_VenueCity":"","_VenueCountry":"","_VenueProvince":"","_VenueState":"","_VenueZip":"","_VenuePhone":"","_VenueURL":"","_VenueStateProvince":"","_VenueLat":"","_VenueLng":"","_VenueShowMap":false,"_VenueShowMapLink":false,"_mc_calendar":[],"footnotes":"","_tec_slr_enabled":"","_tec_slr_layout":""},"class_list":["post-168","page","type-page","status-publish","hentry"],"ticketed":false,"_links":{"self":[{"href":"https:\/\/rs-erkrath.de\/index.php\/wp-json\/wp\/v2\/pages\/168","targetHints":{"allow":["GET"]}}],"collection":[{"href":"https:\/\/rs-erkrath.de\/index.php\/wp-json\/wp\/v2\/pages"}],"about":[{"href":"https:\/\/rs-erkrath.de\/index.php\/wp-json\/wp\/v2\/types\/page"}],"author":[{"embeddable":true,"href":"https:\/\/rs-erkrath.de\/index.php\/wp-json\/wp\/v2\/users\/2"}],"replies":[{"embeddable":true,"href":"https:\/\/rs-erkrath.de\/index.php\/wp-json\/wp\/v2\/comments?post=168"}],"version-history":[{"count":56,"href":"https:\/\/rs-erkrath.de\/index.php\/wp-json\/wp\/v2\/pages\/168\/revisions"}],"predecessor-version":[{"id":1874,"href":"https:\/\/rs-erkrath.de\/index.php\/wp-json\/wp\/v2\/pages\/168\/revisions\/1874"}],"wp:attachment":[{"href":"https:\/\/rs-erkrath.de\/index.php\/wp-json\/wp\/v2\/media?parent=168"}],"curies":[{"name":"wp","href":"https:\/\/api.w.org\/{rel}","templated":true}]}}