{"id":1596,"date":"2024-11-14T21:46:17","date_gmt":"2024-11-14T21:46:17","guid":{"rendered":"https:\/\/rs-erkrath.de\/?page_id=1596"},"modified":"2024-11-14T21:46:17","modified_gmt":"2024-11-14T21:46:17","slug":"elterninfos","status":"publish","type":"page","link":"https:\/\/rs-erkrath.de\/index.php\/elterninfos\/","title":{"rendered":"Elterninfos"},"content":{"rendered":"\n<h1 class=\"wp-block-heading has-text-align-center has-x-large-font-size\">Elterninfos<\/h1>\n\n\n\n<div class=\"wp-block-group alignfull has-base-2-background-color has-background has-global-padding is-layout-constrained wp-container-core-group-is-layout-669513ed wp-block-group-is-layout-constrained\" style=\"margin-top:0;margin-bottom:0;padding-top:var(--wp--preset--spacing--50);padding-right:var(--wp--preset--spacing--50);padding-bottom:var(--wp--preset--spacing--50);padding-left:var(--wp--preset--spacing--50)\">\n<div class=\"wp-block-columns alignwide is-layout-flex wp-container-core-columns-is-layout-d0bbbce0 wp-block-columns-is-layout-flex\">\n<div class=\"wp-block-column is-layout-flow wp-container-core-column-is-layout-e3d1c41b wp-block-column-is-layout-flow\">\n<div class=\"wp-block-buttons is-layout-flex wp-block-buttons-is-layout-flex\">\n<div class=\"wp-block-button has-custom-width wp-block-button__width-100 has-custom-font-size is-style-outline has-medium-font-size is-style-outline--1\"><a class=\"wp-block-button__link has-contrast-color has-text-color has-background no-border-radius wp-element-button\" href=\"https:\/\/rs-erkrath.de\/index.php\/aktuelle-infos-elternmails\/\" style=\"background-color:#0b6fb300\">zu Elternmails online<\/a><\/div>\n<\/div>\n\n\n\n<p class=\"has-text-align-left\">Hier finden Sie als Erziehungsberechtigte unserer Sch\u00fcler*innen alle wichtigen und aktuellen Informationen auf einen Blick.<\/p>\n<\/div>\n\n\n\n<div class=\"wp-block-column is-layout-flow wp-container-core-column-is-layout-e3d1c41b wp-block-column-is-layout-flow\">\n<div class=\"wp-block-buttons is-layout-flex wp-block-buttons-is-layout-flex\">\n<div class=\"wp-block-button has-custom-width wp-block-button__width-100 has-custom-font-size is-style-outline has-medium-font-size is-style-outline--2\"><a class=\"wp-block-button__link has-contrast-color has-text-color has-background no-border-radius wp-element-button\" href=\"https:\/\/rs-erkrath.de\/index.php\/terminuebersicht-schulkalender\/\" style=\"background-color:#0b6fb300\">zur Termin\u00fcbersicht \/ Schulkalender<\/a><\/div>\n<\/div>\n\n\n\n<p class=\"has-text-align-left\">Unser Schulkalender gibt unter anderem einen \u00dcberblick \u00fcber alle anstehenden Schulveranstaltungen und Ferien(tage).<\/p>\n<\/div>\n\n\n\n<div class=\"wp-block-column is-layout-flow wp-container-core-column-is-layout-e3d1c41b wp-block-column-is-layout-flow\">\n<div class=\"wp-block-buttons is-layout-flex wp-block-buttons-is-layout-flex\">\n<div class=\"wp-block-button has-custom-width wp-block-button__width-100 has-custom-font-size is-style-outline has-medium-font-size is-style-outline--3\"><a class=\"wp-block-button__link has-contrast-color has-text-color has-background no-border-radius wp-element-button\" href=\"https:\/\/rs-erkrath.de\/index.php\/mietfachleihe\/\" style=\"background-color:#0b6fb300\">zur Mietfachleihe<\/a><\/div>\n<\/div>\n\n\n\n<p class=\"has-text-align-left\">Die Leistungsbewertung unserer Sch\u00fcler*innen hat ihre Grundlage in den gesetzlichen Regeln und Vorschriften.<\/p>\n<\/div>\n<\/div>\n\n\n\n<div style=\"height:37px\" aria-hidden=\"true\" class=\"wp-block-spacer\"><\/div>\n\n\n\n<div class=\"wp-block-columns alignwide is-layout-flex wp-container-core-columns-is-layout-d0bbbce0 wp-block-columns-is-layout-flex\">\n<div class=\"wp-block-column is-layout-flow wp-container-core-column-is-layout-e3d1c41b wp-block-column-is-layout-flow\">\n<div class=\"wp-block-buttons is-layout-flex wp-block-buttons-is-layout-flex\">\n<div class=\"wp-block-button has-custom-width wp-block-button__width-100 has-custom-font-size is-style-outline has-medium-font-size is-style-outline--4\"><a class=\"wp-block-button__link has-contrast-color has-text-color has-background no-border-radius wp-element-button\" href=\"https:\/\/rs-erkrath.de\/index.php\/formulare\/\" style=\"background-color:#0b6fb300\">zu den Formularen zum Herunterladen<\/a><\/div>\n<\/div>\n\n\n\n<p class=\"has-text-align-left\">Anbei finden sich alle Formulare, die Sie als Erziehungsberechtigte f\u00fcr den Schulalltag brauchen k\u00f6nnten.<\/p>\n<\/div>\n<\/div>\n<\/div>\n","protected":false},"excerpt":{"rendered":"<p>Elterninfos Hier finden Sie als Erziehungsberechtigte unserer Sch\u00fcler*innen alle wichtigen und aktuellen Informationen auf einen Blick. Unser Schulkalender gibt unter anderem einen \u00dcberblick \u00fcber alle anstehenden Schulveranstaltungen und Ferien(tage). Die [&hellip;]<\/p>\n","protected":false},"author":2,"featured_media":0,"parent":0,"menu_order":0,"comment_status":"closed","ping_status":"closed","template":"","meta":{"_price":"","_stock":"","_tribe_ticket_header":"","_tribe_default_ticket_provider":"","_tribe_ticket_capacity":"0","_ticket_start_date":"","_ticket_end_date":"","_tribe_ticket_show_description":"","_tribe_ticket_show_not_going":false,"_tribe_ticket_use_global_stock":"","_tribe_ticket_global_stock_level":"","_global_stock_mode":"","_global_stock_cap":"","_tribe_rsvp_for_event":"","_tribe_ticket_going_count":"","_tribe_ticket_not_going_count":"","_tribe_tickets_list":"[]","_tribe_ticket_has_attendee_info_fields":false,"_EventAllDay":false,"_EventTimezone":"","_EventStartDate":"","_EventEndDate":"","_EventStartDateUTC":"","_EventEndDateUTC":"","_EventShowMap":false,"_EventShowMapLink":false,"_EventURL":"","_EventCost":"","_EventCostDescription":"","_EventCurrencySymbol":"","_EventCurrencyCode":"","_EventCurrencyPosition":"","_EventDateTimeSeparator":"","_EventTimeRangeSeparator":"","_EventOrganizerID":[],"_EventVenueID":[],"_OrganizerEmail":"","_OrganizerPhone":"","_OrganizerWebsite":"","_VenueAddress":"","_VenueCity":"","_VenueCountry":"","_VenueProvince":"","_VenueState":"","_VenueZip":"","_VenuePhone":"","_VenueURL":"","_VenueStateProvince":"","_VenueLat":"","_VenueLng":"","_VenueShowMap":false,"_VenueShowMapLink":false,"_mc_calendar":[],"footnotes":"","_tec_slr_enabled":"","_tec_slr_layout":""},"class_list":["post-1596","page","type-page","status-publish","hentry"],"ticketed":false,"_links":{"self":[{"href":"https:\/\/rs-erkrath.de\/index.php\/wp-json\/wp\/v2\/pages\/1596","targetHints":{"allow":["GET"]}}],"collection":[{"href":"https:\/\/rs-erkrath.de\/index.php\/wp-json\/wp\/v2\/pages"}],"about":[{"href":"https:\/\/rs-erkrath.de\/index.php\/wp-json\/wp\/v2\/types\/page"}],"author":[{"embeddable":true,"href":"https:\/\/rs-erkrath.de\/index.php\/wp-json\/wp\/v2\/users\/2"}],"replies":[{"embeddable":true,"href":"https:\/\/rs-erkrath.de\/index.php\/wp-json\/wp\/v2\/comments?post=1596"}],"version-history":[{"count":10,"href":"https:\/\/rs-erkrath.de\/index.php\/wp-json\/wp\/v2\/pages\/1596\/revisions"}],"predecessor-version":[{"id":1607,"href":"https:\/\/rs-erkrath.de\/index.php\/wp-json\/wp\/v2\/pages\/1596\/revisions\/1607"}],"wp:attachment":[{"href":"https:\/\/rs-erkrath.de\/index.php\/wp-json\/wp\/v2\/media?parent=1596"}],"curies":[{"name":"wp","href":"https:\/\/api.w.org\/{rel}","templated":true}]}}