{"id":1584,"date":"2024-11-14T21:49:46","date_gmt":"2024-11-14T21:49:46","guid":{"rendered":"https:\/\/rs-erkrath.de\/?page_id=1584"},"modified":"2024-11-14T21:49:46","modified_gmt":"2024-11-14T21:49:46","slug":"schulprofil","status":"publish","type":"page","link":"https:\/\/rs-erkrath.de\/index.php\/schulprofil\/","title":{"rendered":"Schulprofil"},"content":{"rendered":"\n<h1 class=\"wp-block-heading has-text-align-center has-x-large-font-size\">Schulprofil<\/h1>\n\n\n\n<div style=\"height:1.25rem\" aria-hidden=\"true\" class=\"wp-block-spacer\"><\/div>\n\n\n\n<div class=\"wp-block-group alignfull has-base-2-background-color has-background has-global-padding is-layout-constrained wp-container-core-group-is-layout-669513ed wp-block-group-is-layout-constrained\" style=\"margin-top:0;margin-bottom:0;padding-top:var(--wp--preset--spacing--50);padding-right:var(--wp--preset--spacing--50);padding-bottom:var(--wp--preset--spacing--50);padding-left:var(--wp--preset--spacing--50)\">\n<div class=\"wp-block-columns alignwide is-layout-flex wp-container-core-columns-is-layout-d0bbbce0 wp-block-columns-is-layout-flex\">\n<div class=\"wp-block-column is-layout-flow wp-container-core-column-is-layout-e3d1c41b wp-block-column-is-layout-flow\">\n<div class=\"wp-block-buttons is-layout-flex wp-block-buttons-is-layout-flex\">\n<div class=\"wp-block-button has-custom-width wp-block-button__width-100 has-custom-font-size is-style-outline has-medium-font-size is-style-outline--1\"><a class=\"wp-block-button__link has-contrast-color has-text-color has-background no-border-radius wp-element-button\" href=\"https:\/\/rs-erkrath.de\/index.php\/schulprogramm\/\" style=\"background-color:#0b6fb300\">zum Schulprogramm<\/a><\/div>\n<\/div>\n\n\n\n<p class=\"has-text-align-left\">Unser Schulprogramm dient als Grundlage f\u00fcr die Gestaltung des schulischen Alltags und zeigt, welche Werte, Ziele und p\u00e4dagogischen Schwerpunkte uns wichtig sind. Es bietet einen \u00dcberblick \u00fcber unsere Unterrichts- und F\u00f6rderkonzepte sowie \u00fcber die vielf\u00e4ltigen Angebote und Aktivit\u00e4ten, die unsere Sch\u00fcler*innen in ihrer individuellen Entwicklung unterst\u00fctzen.<\/p>\n<\/div>\n\n\n\n<div class=\"wp-block-column is-layout-flow wp-container-core-column-is-layout-e3d1c41b wp-block-column-is-layout-flow\">\n<div class=\"wp-block-buttons is-layout-flex wp-block-buttons-is-layout-flex\">\n<div class=\"wp-block-button has-custom-width wp-block-button__width-100 has-custom-font-size is-style-outline has-medium-font-size is-style-outline--2\"><a class=\"wp-block-button__link has-contrast-color has-text-color has-background no-border-radius wp-element-button\" href=\"https:\/\/rs-erkrath.de\/index.php\/schulordnung\/\" style=\"background-color:#0b6fb300\">zur Schulordnung<\/a><\/div>\n<\/div>\n\n\n\n<p class=\"has-text-align-left\">Unsere Schulordnung bietet Orientierung und Klarheit f\u00fcr den Alltag in der Schule. Sie f\u00f6rdert gegenseitigen Respekt, Verantwortungsbewusstsein und die Einhaltung gemeinsamer Werte. Anh\u00e4ngend finden sich alle wichtigen Regeln und Richtlinien, die unser Zusammenleben und -lernen an der Schule regeln. Sie hat zum Ziel, ein respektvolles und produktives Umfeld f\u00fcr alle Lernenden und Lehrenden, sowie alle weiteren Mitarbeitenden zu schaffen.<\/p>\n<\/div>\n\n\n\n<div class=\"wp-block-column is-layout-flow wp-container-core-column-is-layout-e3d1c41b wp-block-column-is-layout-flow\">\n<div class=\"wp-block-buttons is-layout-flex wp-block-buttons-is-layout-flex\">\n<div class=\"wp-block-button has-custom-width wp-block-button__width-100 has-custom-font-size is-style-outline has-medium-font-size is-style-outline--3\"><a class=\"wp-block-button__link has-contrast-color has-text-color has-background no-border-radius wp-element-button\" href=\"https:\/\/rs-erkrath.de\/index.php\/leistungsbewertung\/\" style=\"background-color:#0b6fb300\">zum Leistungsbewertung<\/a><\/div>\n<\/div>\n\n\n\n<p class=\"has-text-align-left\">Die Leistungsbewertung unserer Sch\u00fcler*innen hat ihre Grundlage in den gesetzlichen Regeln und Vorschriften.<\/p>\n<\/div>\n<\/div>\n\n\n\n<div style=\"height:37px\" aria-hidden=\"true\" class=\"wp-block-spacer\"><\/div>\n\n\n\n<div class=\"wp-block-columns alignwide is-layout-flex wp-container-core-columns-is-layout-d0bbbce0 wp-block-columns-is-layout-flex\">\n<div class=\"wp-block-column is-layout-flow wp-container-core-column-is-layout-e3d1c41b wp-block-column-is-layout-flow\">\n<div class=\"wp-block-buttons is-layout-flex wp-block-buttons-is-layout-flex\">\n<div class=\"wp-block-button has-custom-width wp-block-button__width-100 has-custom-font-size is-style-outline has-medium-font-size is-style-outline--4\"><a class=\"wp-block-button__link has-contrast-color has-text-color has-background no-border-radius wp-element-button\" href=\"https:\/\/rs-erkrath.de\/index.php\/beratung\/\" style=\"background-color:#0b6fb300\">zur Beratung<\/a><\/div>\n<\/div>\n\n\n\n<p class=\"has-text-align-left\">Neben dem Unterrichten und der Erziehung ist die Beratung ein wesentlicher Teil des Aufgabenprofils aller Lehrkr\u00e4fte, Angestellten und Partner*innen unserer Schule und stellt eine\u00a0allt\u00e4gliche Aufgabe dar, da sie ein integrativer Bestandteil von Lernprozessen ist.<\/p>\n\n\n\n<p class=\"has-text-align-left\">Im Rahmen der Pr\u00e4vention oder f\u00f6rdernder Ma\u00dfnahmen spielt sie in allen Bereichen des Schullebens eine wichtige Rolle und kann hilfreiche Anst\u00f6\u00dfe zur Lebensbew\u00e4ltigung geben.<\/p>\n<\/div>\n\n\n\n<div class=\"wp-block-column is-layout-flow wp-container-core-column-is-layout-e3d1c41b wp-block-column-is-layout-flow\">\n<div class=\"wp-block-buttons is-layout-flex wp-block-buttons-is-layout-flex\">\n<div class=\"wp-block-button has-custom-width wp-block-button__width-100 has-custom-font-size is-style-outline has-medium-font-size is-style-outline--5\"><a class=\"wp-block-button__link has-contrast-color has-text-color has-background no-border-radius wp-element-button\" href=\"https:\/\/rs-erkrath.de\/index.php\/nachmittagsbetreuung\/\" style=\"background-color:#0b6fb300\">zur Nachmittagsbetreuung<\/a><\/div>\n<\/div>\n\n\n\n<p class=\"has-text-align-left\">Die p\u00e4dagogische \u00dcbermittagsbetreuung bietet Sch\u00fcler*innen der St\u00e4dtischen Realschule Erkrath ein umfassendes Nachmittagsangebot zur F\u00f6rderung ihrer schulischen und sozialen Entwicklung.<\/p>\n\n\n\n<p class=\"has-text-align-left\">Organisiert durch das Team von Interaktiv, werden die Kinder der Klassen 5 und 6 in Lernzeiten, w\u00e4hrend der Mittagspause sowie bei verschiedenen F\u00f6rder- und Freizeitangeboten individuell betreut und unterst\u00fctzt.<\/p>\n<\/div>\n\n\n\n<div class=\"wp-block-column is-layout-flow wp-container-core-column-is-layout-e3d1c41b wp-block-column-is-layout-flow\">\n<div class=\"wp-block-buttons is-layout-flex wp-block-buttons-is-layout-flex\">\n<div class=\"wp-block-button has-custom-width wp-block-button__width-100 has-custom-font-size is-style-outline has-medium-font-size is-style-outline--6\"><a class=\"wp-block-button__link has-contrast-color has-text-color has-background no-border-radius wp-element-button\" href=\"https:\/\/rs-erkrath.de\/index.php\/foerderverein-2\/\" style=\"background-color:#0b6fb300\">zum F\u00f6rderverein<\/a><\/div>\n<\/div>\n\n\n\n<p class=\"has-text-align-left\">Getreu dem Schulmotto \u201egemeinsam sind wir stark\u201c freut sich unser F\u00f6rderverein \u00fcber Ihre Unterst\u00fctzung und Ihr Engagement, um kleine und gro\u00dfe Projekte f\u00fcr unsere Sch\u00fcler*innen realisieren zu k\u00f6nnen.<\/p>\n<\/div>\n<\/div>\n<\/div>\n","protected":false},"excerpt":{"rendered":"<p>Schulprofil Unser Schulprogramm dient als Grundlage f\u00fcr die Gestaltung des schulischen Alltags und zeigt, welche Werte, Ziele und p\u00e4dagogischen Schwerpunkte uns wichtig sind. Es bietet einen \u00dcberblick \u00fcber unsere Unterrichts- [&hellip;]<\/p>\n","protected":false},"author":2,"featured_media":0,"parent":0,"menu_order":0,"comment_status":"closed","ping_status":"closed","template":"","meta":{"_price":"","_stock":"","_tribe_ticket_header":"","_tribe_default_ticket_provider":"","_tribe_ticket_capacity":"0","_ticket_start_date":"","_ticket_end_date":"","_tribe_ticket_show_description":"","_tribe_ticket_show_not_going":false,"_tribe_ticket_use_global_stock":"","_tribe_ticket_global_stock_level":"","_global_stock_mode":"","_global_stock_cap":"","_tribe_rsvp_for_event":"","_tribe_ticket_going_count":"","_tribe_ticket_not_going_count":"","_tribe_tickets_list":"[]","_tribe_ticket_has_attendee_info_fields":false,"_EventAllDay":false,"_EventTimezone":"","_EventStartDate":"","_EventEndDate":"","_EventStartDateUTC":"","_EventEndDateUTC":"","_EventShowMap":false,"_EventShowMapLink":false,"_EventURL":"","_EventCost":"","_EventCostDescription":"","_EventCurrencySymbol":"","_EventCurrencyCode":"","_EventCurrencyPosition":"","_EventDateTimeSeparator":"","_EventTimeRangeSeparator":"","_EventOrganizerID":[],"_EventVenueID":[],"_OrganizerEmail":"","_OrganizerPhone":"","_OrganizerWebsite":"","_VenueAddress":"","_VenueCity":"","_VenueCountry":"","_VenueProvince":"","_VenueState":"","_VenueZip":"","_VenuePhone":"","_VenueURL":"","_VenueStateProvince":"","_VenueLat":"","_VenueLng":"","_VenueShowMap":false,"_VenueShowMapLink":false,"_mc_calendar":[],"footnotes":"","_tec_slr_enabled":"","_tec_slr_layout":""},"class_list":["post-1584","page","type-page","status-publish","hentry"],"ticketed":false,"_links":{"self":[{"href":"https:\/\/rs-erkrath.de\/index.php\/wp-json\/wp\/v2\/pages\/1584","targetHints":{"allow":["GET"]}}],"collection":[{"href":"https:\/\/rs-erkrath.de\/index.php\/wp-json\/wp\/v2\/pages"}],"about":[{"href":"https:\/\/rs-erkrath.de\/index.php\/wp-json\/wp\/v2\/types\/page"}],"author":[{"embeddable":true,"href":"https:\/\/rs-erkrath.de\/index.php\/wp-json\/wp\/v2\/users\/2"}],"replies":[{"embeddable":true,"href":"https:\/\/rs-erkrath.de\/index.php\/wp-json\/wp\/v2\/comments?post=1584"}],"version-history":[{"count":10,"href":"https:\/\/rs-erkrath.de\/index.php\/wp-json\/wp\/v2\/pages\/1584\/revisions"}],"predecessor-version":[{"id":1594,"href":"https:\/\/rs-erkrath.de\/index.php\/wp-json\/wp\/v2\/pages\/1584\/revisions\/1594"}],"wp:attachment":[{"href":"https:\/\/rs-erkrath.de\/index.php\/wp-json\/wp\/v2\/media?parent=1584"}],"curies":[{"name":"wp","href":"https:\/\/api.w.org\/{rel}","templated":true}]}}