{"id":130,"date":"2024-11-14T21:50:02","date_gmt":"2024-11-14T21:50:02","guid":{"rendered":"https:\/\/rs-erkrath.de\/?page_id=130"},"modified":"2024-11-15T06:47:49","modified_gmt":"2024-11-15T05:47:49","slug":"schulprogramm","status":"publish","type":"page","link":"https:\/\/rs-erkrath.de\/index.php\/schulprogramm\/","title":{"rendered":"Schulprogramm"},"content":{"rendered":"\n<div style=\"height:25px\" aria-hidden=\"true\" class=\"wp-block-spacer\"><\/div>\n\n\n\n<h2 class=\"wp-block-heading has-text-align-center\"><strong>Schulprogramm<\/strong><\/h2>\n\n\n\n<div class=\"wp-block-group has-global-padding is-layout-constrained wp-container-core-group-is-layout-b13d32f8 wp-block-group-is-layout-constrained\" style=\"padding-right:var(--wp--preset--spacing--10);padding-left:var(--wp--preset--spacing--10)\">\n<div style=\"height:35px\" aria-hidden=\"true\" class=\"wp-block-spacer\"><\/div>\n\n\n\n<p class=\"has-text-align-left\">Unser Schulprogramm dient als Grundlage f\u00fcr die Gestaltung des schulischen Alltags und zeigt, welche Werte, Ziele und p\u00e4dagogischen Schwerpunkte uns wichtig sind. Es bietet einen \u00dcberblick \u00fcber unsere Unterrichts- und F\u00f6rderkonzepte sowie \u00fcber die vielf\u00e4ltigen Angebote und Aktivit\u00e4ten, die unsere Sch\u00fcler*innen in ihrer individuellen Entwicklung unterst\u00fctzen. <\/p>\n<\/div>\n\n\n\n<div style=\"height:38px\" aria-hidden=\"true\" class=\"wp-block-spacer\"><\/div>\n\n\n\n<div class=\"wp-block-group has-global-padding is-layout-constrained wp-container-core-group-is-layout-b13d32f8 wp-block-group-is-layout-constrained\" style=\"padding-right:var(--wp--preset--spacing--10);padding-left:var(--wp--preset--spacing--10)\">\n<p>Unsere Leits\u00e4tze sind:<\/p>\n\n\n\n<ul class=\"wp-block-list\">\n<li>Wir leben zusammen mit den Eltern und Sch\u00fcler*innen eine Schulkultur zur F\u00f6rderung des Einzelnen und der Gemeinschaft durch vielf\u00e4ltige Aktionen.<\/li>\n\n\n\n<li>Wir erziehen die Sch\u00fcler*innen zu selbstbewussten und toleranten Pers\u00f6nlichkeiten.<\/li>\n\n\n\n<li>Wir gestalten unseren Unterricht kompetenzst\u00e4rkend und zielgruppenorientiert in anregender Lernatmosph\u00e4re.<\/li>\n\n\n\n<li>Wir begleiten unsere Sch\u00fcler*innen durch vielf\u00e4ltige Projekte bei ihrer Entscheidung f\u00fcr einen Beruf oder eine weiterf\u00fchrende Schule.<\/li>\n\n\n\n<li>Wir kooperieren mit au\u00dferschulischen Partnern und Institutionen f\u00fcr eine ganzheitliche und ressourcenorientierte Bildung.<\/li>\n<\/ul>\n<\/div>\n\n\n\n<div class=\"wp-block-group has-global-padding is-layout-constrained wp-container-core-group-is-layout-b13d32f8 wp-block-group-is-layout-constrained\" style=\"padding-right:var(--wp--preset--spacing--10);padding-left:var(--wp--preset--spacing--10)\">\n<div style=\"height:42px\" aria-hidden=\"true\" class=\"wp-block-spacer\"><\/div>\n\n\n\n<p><strong>&#8230; und das bedeutet im Detail:<\/strong><\/p>\n\n\n\n<div style=\"height:21px\" aria-hidden=\"true\" class=\"wp-block-spacer\"><\/div>\n\n\n\n<div data-wp-interactive=\"core\/file\" class=\"wp-block-file\"><object data-wp-bind--hidden=\"!state.hasPdfPreview\" hidden class=\"wp-block-file__embed\" data=\"https:\/\/rs-erkrath.de\/wp-content\/uploads\/2024\/06\/Schulprogramm.pdf\" type=\"application\/pdf\" style=\"width:100%;height:770px\" aria-label=\"Einbettung von Schulprogramm (PDF).\"><\/object><a id=\"wp-block-file--media-f6f76358-a055-4003-9fa2-9bba38260c45\" href=\"https:\/\/rs-erkrath.de\/wp-content\/uploads\/2024\/06\/Schulprogramm.pdf\">Schulprogramm (PDF)<\/a><\/div>\n<\/div>\n","protected":false},"excerpt":{"rendered":"<p>Schulprogramm Unser Schulprogramm dient als Grundlage f\u00fcr die Gestaltung des schulischen Alltags und zeigt, welche Werte, Ziele und p\u00e4dagogischen Schwerpunkte uns wichtig sind. Es bietet einen \u00dcberblick \u00fcber unsere Unterrichts- [&hellip;]<\/p>\n","protected":false},"author":1,"featured_media":0,"parent":0,"menu_order":0,"comment_status":"closed","ping_status":"closed","template":"","meta":{"_price":"","_stock":"","_tribe_ticket_header":"","_tribe_default_ticket_provider":"","_tribe_ticket_capacity":"0","_ticket_start_date":"","_ticket_end_date":"","_tribe_ticket_show_description":"","_tribe_ticket_show_not_going":false,"_tribe_ticket_use_global_stock":"","_tribe_ticket_global_stock_level":"","_global_stock_mode":"","_global_stock_cap":"","_tribe_rsvp_for_event":"","_tribe_ticket_going_count":"","_tribe_ticket_not_going_count":"","_tribe_tickets_list":"[]","_tribe_ticket_has_attendee_info_fields":false,"_EventAllDay":false,"_EventTimezone":"","_EventStartDate":"","_EventEndDate":"","_EventStartDateUTC":"","_EventEndDateUTC":"","_EventShowMap":false,"_EventShowMapLink":false,"_EventURL":"","_EventCost":"","_EventCostDescription":"","_EventCurrencySymbol":"","_EventCurrencyCode":"","_EventCurrencyPosition":"","_EventDateTimeSeparator":"","_EventTimeRangeSeparator":"","_EventOrganizerID":[],"_EventVenueID":[],"_OrganizerEmail":"","_OrganizerPhone":"","_OrganizerWebsite":"","_VenueAddress":"","_VenueCity":"","_VenueCountry":"","_VenueProvince":"","_VenueState":"","_VenueZip":"","_VenuePhone":"","_VenueURL":"","_VenueStateProvince":"","_VenueLat":"","_VenueLng":"","_VenueShowMap":false,"_VenueShowMapLink":false,"_mc_calendar":[],"footnotes":"","_tec_slr_enabled":"","_tec_slr_layout":""},"class_list":["post-130","page","type-page","status-publish","hentry"],"ticketed":false,"_links":{"self":[{"href":"https:\/\/rs-erkrath.de\/index.php\/wp-json\/wp\/v2\/pages\/130","targetHints":{"allow":["GET"]}}],"collection":[{"href":"https:\/\/rs-erkrath.de\/index.php\/wp-json\/wp\/v2\/pages"}],"about":[{"href":"https:\/\/rs-erkrath.de\/index.php\/wp-json\/wp\/v2\/types\/page"}],"author":[{"embeddable":true,"href":"https:\/\/rs-erkrath.de\/index.php\/wp-json\/wp\/v2\/users\/1"}],"replies":[{"embeddable":true,"href":"https:\/\/rs-erkrath.de\/index.php\/wp-json\/wp\/v2\/comments?post=130"}],"version-history":[{"count":26,"href":"https:\/\/rs-erkrath.de\/index.php\/wp-json\/wp\/v2\/pages\/130\/revisions"}],"predecessor-version":[{"id":1660,"href":"https:\/\/rs-erkrath.de\/index.php\/wp-json\/wp\/v2\/pages\/130\/revisions\/1660"}],"wp:attachment":[{"href":"https:\/\/rs-erkrath.de\/index.php\/wp-json\/wp\/v2\/media?parent=130"}],"curies":[{"name":"wp","href":"https:\/\/api.w.org\/{rel}","templated":true}]}}